{"id":156,"date":"2022-05-15T21:54:23","date_gmt":"2022-05-16T02:54:23","guid":{"rendered":"https:\/\/new.comcosur.com\/?post_type=product&#038;p=156"},"modified":"2025-01-15T16:49:15","modified_gmt":"2025-01-15T21:49:15","slug":"las-aventuras-de-sherlock-holmes","status":"publish","type":"product","link":"https:\/\/new.comcosur.com\/?product=las-aventuras-de-sherlock-holmes","title":{"rendered":"Las aventuras de Sherlock Holmes"},"content":{"rendered":"","protected":false},"excerpt":{"rendered":"<p>\u2b50\u2b50\u2b50\u2b50\u2b50<\/p>\n<p><em>Sherlock Holmes<\/em> es el legendario detective de la literatura universal y se destaca por su inteligencia, su h\u00e1bil uso de la observaci\u00f3n y el razonamiento deductivo para resolver casos dif\u00edciles. Es un aut\u00e9ntico fen\u00f3meno literario, sirviendo como prototipo para infinidad de personajes similares y convirti\u00e9ndose en una de las mayores influencias mundiales de la ficci\u00f3n detectivesca. Las obras inspiradas en el investigador se siguen traduciendo a todos los idiomas y se contin\u00faa llevando a diversos escenarios, como el cine o el c\u00f3mic. Sin dudas, y a pesar de los miles de detectives en la ficci\u00f3n, <em>Sherlock Holmes<\/em> sigue siendo el m\u00e1s famoso del universo.<\/p>\n","protected":false},"featured_media":1013,"comment_status":"closed","ping_status":"closed","template":"","meta":{"_acf_changed":false},"product_brand":[],"product_cat":[96,109,97],"product_tag":[],"autor":[145],"class_list":{"0":"post-156","1":"product","2":"type-product","3":"status-publish","4":"has-post-thumbnail","6":"product_cat-ficcion","7":"product_cat-filosofia","8":"product_cat-novela-de-aventuras","9":"autor-arthur-conan-doyle","11":"first","12":"instock","13":"shipping-taxable","14":"purchasable","15":"product-type-simple"},"acf":[],"_links":{"self":[{"href":"https:\/\/new.comcosur.com\/index.php?rest_route=\/wp\/v2\/product\/156","targetHints":{"allow":["GET"]}}],"collection":[{"href":"https:\/\/new.comcosur.com\/index.php?rest_route=\/wp\/v2\/product"}],"about":[{"href":"https:\/\/new.comcosur.com\/index.php?rest_route=\/wp\/v2\/types\/product"}],"replies":[{"embeddable":true,"href":"https:\/\/new.comcosur.com\/index.php?rest_route=%2Fwp%2Fv2%2Fcomments&post=156"}],"wp:featuredmedia":[{"embeddable":true,"href":"https:\/\/new.comcosur.com\/index.php?rest_route=\/wp\/v2\/media\/1013"}],"wp:attachment":[{"href":"https:\/\/new.comcosur.com\/index.php?rest_route=%2Fwp%2Fv2%2Fmedia&parent=156"}],"wp:term":[{"taxonomy":"product_brand","embeddable":true,"href":"https:\/\/new.comcosur.com\/index.php?rest_route=%2Fwp%2Fv2%2Fproduct_brand&post=156"},{"taxonomy":"product_cat","embeddable":true,"href":"https:\/\/new.comcosur.com\/index.php?rest_route=%2Fwp%2Fv2%2Fproduct_cat&post=156"},{"taxonomy":"product_tag","embeddable":true,"href":"https:\/\/new.comcosur.com\/index.php?rest_route=%2Fwp%2Fv2%2Fproduct_tag&post=156"},{"taxonomy":"autor","embeddable":true,"href":"https:\/\/new.comcosur.com\/index.php?rest_route=%2Fwp%2Fv2%2Fautor&post=156"}],"curies":[{"name":"wp","href":"https:\/\/api.w.org\/{rel}","templated":true}]}}