{"id":155,"date":"2022-05-15T21:54:23","date_gmt":"2022-05-16T02:54:23","guid":{"rendered":"https:\/\/new.comcosur.com\/?post_type=product&#038;p=155"},"modified":"2025-01-15T16:44:23","modified_gmt":"2025-01-15T21:44:23","slug":"la-vuelta-al-mundo-en-80-dias","status":"publish","type":"product","link":"https:\/\/new.comcosur.com\/?product=la-vuelta-al-mundo-en-80-dias","title":{"rendered":"La vuelta al mundo en 80 d\u00edas"},"content":{"rendered":"","protected":false},"excerpt":{"rendered":"<p><em>La vuelta al mundo en ochenta d\u00edas<\/em> es una de las novelas m\u00e1s importantes del prol\u00edfico escritor franc\u00e9s Julio Verne. Es la m\u00e1s conocida y la m\u00e1s admirada. Englobada dentro del g\u00e9nero de aventuras, est\u00e1 cargada de situaciones que mantendr\u00e1n al lector en vilo y lo har\u00e1n disfrutar como si formase parte de ese exclusivo viaje que llevar\u00e1 a sus protagonistas a lo largo y ancho del mundo, atravesando continentes, meti\u00e9ndose de lleno en la vida diaria de los pa\u00edses que visitan, y siendo fiel reflejo de lo que acontec\u00eda en una \u00e9poca en la que los sue\u00f1os eran posibles y el mundo era, parad\u00f3jicamente, menos salvaje aunque m\u00e1s desconocido.<\/p>\n<p>Leer este libro supone viajar en tiempo y esp\u00edritu a lugares fascinantes, vivir situaciones al l\u00edmite, sentir la alegr\u00eda, la fascinaci\u00f3n o el p\u00e1nico ante lo desconocido, ante las nuevas costumbres que no se conocen pero que permanecen en el tiempo&#8230;<\/p>\n<p>Es, a grosso modo, una aventura dentro de una aventura. Si se tiene la posibilidad de explorar sus p\u00e1ginas, encontrar\u00e1 que es un libro para disfrutarlo de principio a fin.<\/p>\n","protected":false},"featured_media":484,"comment_status":"closed","ping_status":"closed","template":"","meta":{"_acf_changed":false},"product_brand":[],"product_cat":[103],"product_tag":[],"autor":[21],"class_list":{"0":"post-155","1":"product","2":"type-product","3":"status-publish","4":"has-post-thumbnail","6":"product_cat-ficcion-de-aventuras","7":"autor-julio-verne","9":"first","10":"instock","11":"shipping-taxable","12":"purchasable","13":"product-type-simple"},"acf":[],"_links":{"self":[{"href":"https:\/\/new.comcosur.com\/index.php?rest_route=\/wp\/v2\/product\/155","targetHints":{"allow":["GET"]}}],"collection":[{"href":"https:\/\/new.comcosur.com\/index.php?rest_route=\/wp\/v2\/product"}],"about":[{"href":"https:\/\/new.comcosur.com\/index.php?rest_route=\/wp\/v2\/types\/product"}],"replies":[{"embeddable":true,"href":"https:\/\/new.comcosur.com\/index.php?rest_route=%2Fwp%2Fv2%2Fcomments&post=155"}],"wp:featuredmedia":[{"embeddable":true,"href":"https:\/\/new.comcosur.com\/index.php?rest_route=\/wp\/v2\/media\/484"}],"wp:attachment":[{"href":"https:\/\/new.comcosur.com\/index.php?rest_route=%2Fwp%2Fv2%2Fmedia&parent=155"}],"wp:term":[{"taxonomy":"product_brand","embeddable":true,"href":"https:\/\/new.comcosur.com\/index.php?rest_route=%2Fwp%2Fv2%2Fproduct_brand&post=155"},{"taxonomy":"product_cat","embeddable":true,"href":"https:\/\/new.comcosur.com\/index.php?rest_route=%2Fwp%2Fv2%2Fproduct_cat&post=155"},{"taxonomy":"product_tag","embeddable":true,"href":"https:\/\/new.comcosur.com\/index.php?rest_route=%2Fwp%2Fv2%2Fproduct_tag&post=155"},{"taxonomy":"autor","embeddable":true,"href":"https:\/\/new.comcosur.com\/index.php?rest_route=%2Fwp%2Fv2%2Fautor&post=155"}],"curies":[{"name":"wp","href":"https:\/\/api.w.org\/{rel}","templated":true}]}}