{"id":1530,"date":"2023-06-03T12:22:42","date_gmt":"2023-06-03T17:22:42","guid":{"rendered":"https:\/\/new.comcosur.com\/?post_type=product&#038;p=1530"},"modified":"2025-01-15T16:54:14","modified_gmt":"2025-01-15T21:54:14","slug":"los-mejores-cuentos-de-anton-chejov","status":"publish","type":"product","link":"https:\/\/new.comcosur.com\/?product=los-mejores-cuentos-de-anton-chejov","title":{"rendered":"Los mejores cuentos de Ant\u00f3n Ch\u00e9jov"},"content":{"rendered":"","protected":false},"excerpt":{"rendered":"<p>\u2b50\u2b50\u2b50\u2b50\u2b50<\/p>\n<p>La maestr\u00eda narrativa de Ant\u00f3n Ch\u00e9jov se manifiesta en sus relatos cortos. Este ejemplar re\u00fane sus mejores cuentos, cuidadosamente seleccionados, y brinda una imagen representativa de estructuras gen\u00e9ricas, t\u00e9cnicas narrativas, personajes y temas, dotados de alt\u00edsima calidad literaria. Los cuentos de Ch\u00e9jov crean fascinaci\u00f3n, pues su estilo es sencillo, sus historias cotidianas y sus personajes son espont\u00e1neos. Es considerado como uno de los m\u00e1s importantes escritores de cuentos de la historia de la literatura. Algunos de sus relatos m\u00e1s conocidos son <em>La dama del perrito<\/em>, <em>Los campesinos<\/em>, <em>Vanka<\/em>, <em>El estudiante<\/em>, entre otros, los cuales son puro deleite para los lectores, as\u00ed como genuinas lecciones de escritura.<\/p>\n","protected":false},"featured_media":1676,"comment_status":"closed","ping_status":"closed","template":"","meta":{"_acf_changed":false},"product_brand":[],"product_cat":[15,126],"product_tag":[],"autor":[151],"class_list":{"0":"post-1530","1":"product","2":"type-product","3":"status-publish","4":"has-post-thumbnail","6":"product_cat-literatura","7":"product_cat-literatura-juvenil","8":"autor-anton-chejov","10":"first","11":"instock","12":"shipping-taxable","13":"purchasable","14":"product-type-simple"},"acf":[],"_links":{"self":[{"href":"https:\/\/new.comcosur.com\/index.php?rest_route=\/wp\/v2\/product\/1530","targetHints":{"allow":["GET"]}}],"collection":[{"href":"https:\/\/new.comcosur.com\/index.php?rest_route=\/wp\/v2\/product"}],"about":[{"href":"https:\/\/new.comcosur.com\/index.php?rest_route=\/wp\/v2\/types\/product"}],"replies":[{"embeddable":true,"href":"https:\/\/new.comcosur.com\/index.php?rest_route=%2Fwp%2Fv2%2Fcomments&post=1530"}],"wp:featuredmedia":[{"embeddable":true,"href":"https:\/\/new.comcosur.com\/index.php?rest_route=\/wp\/v2\/media\/1676"}],"wp:attachment":[{"href":"https:\/\/new.comcosur.com\/index.php?rest_route=%2Fwp%2Fv2%2Fmedia&parent=1530"}],"wp:term":[{"taxonomy":"product_brand","embeddable":true,"href":"https:\/\/new.comcosur.com\/index.php?rest_route=%2Fwp%2Fv2%2Fproduct_brand&post=1530"},{"taxonomy":"product_cat","embeddable":true,"href":"https:\/\/new.comcosur.com\/index.php?rest_route=%2Fwp%2Fv2%2Fproduct_cat&post=1530"},{"taxonomy":"product_tag","embeddable":true,"href":"https:\/\/new.comcosur.com\/index.php?rest_route=%2Fwp%2Fv2%2Fproduct_tag&post=1530"},{"taxonomy":"autor","embeddable":true,"href":"https:\/\/new.comcosur.com\/index.php?rest_route=%2Fwp%2Fv2%2Fautor&post=1530"}],"curies":[{"name":"wp","href":"https:\/\/api.w.org\/{rel}","templated":true}]}}