{"id":147,"date":"2022-05-15T21:54:22","date_gmt":"2022-05-16T02:54:22","guid":{"rendered":"https:\/\/new.comcosur.com\/?post_type=product&#038;p=147"},"modified":"2025-01-15T16:33:06","modified_gmt":"2025-01-15T21:33:06","slug":"la-metamorfosis","status":"publish","type":"product","link":"https:\/\/new.comcosur.com\/?product=la-metamorfosis","title":{"rendered":"La metamorfosis"},"content":{"rendered":"","protected":false},"excerpt":{"rendered":"<p><em>La metamorfosis<\/em>, relato que por su extensi\u00f3n entra en la categor\u00eda de novela corta, se gest\u00f3 a finales de 1912 y se public\u00f3 en 1915. La obra muestra c\u00f3mo cambia la vida del joven Gregorio Samsa, un sencillo viajante de comercio, cuando, al despertar una ma\u00f1ana tras un sue\u00f1o intranquilo, se encuentra en su cama convertido en un monstruoso insecto. A partir de ah\u00ed, la novela narra el camino que debe seguir el protagonista, desde que toma conciencia de su transformaci\u00f3n, pasando por el papel que asume su propia familia, hasta su muerte y la liberaci\u00f3n que esta supone para los que lo rodean.<\/p>\n","protected":false},"featured_media":2005,"comment_status":"closed","ping_status":"closed","template":"","meta":{"_acf_changed":false},"product_brand":[],"product_cat":[97],"product_tag":[],"autor":[55],"class_list":{"0":"post-147","1":"product","2":"type-product","3":"status-publish","4":"has-post-thumbnail","6":"product_cat-novela-de-aventuras","7":"autor-franz-kafka","9":"first","10":"instock","11":"shipping-taxable","12":"purchasable","13":"product-type-simple"},"acf":[],"_links":{"self":[{"href":"https:\/\/new.comcosur.com\/index.php?rest_route=\/wp\/v2\/product\/147","targetHints":{"allow":["GET"]}}],"collection":[{"href":"https:\/\/new.comcosur.com\/index.php?rest_route=\/wp\/v2\/product"}],"about":[{"href":"https:\/\/new.comcosur.com\/index.php?rest_route=\/wp\/v2\/types\/product"}],"replies":[{"embeddable":true,"href":"https:\/\/new.comcosur.com\/index.php?rest_route=%2Fwp%2Fv2%2Fcomments&post=147"}],"wp:featuredmedia":[{"embeddable":true,"href":"https:\/\/new.comcosur.com\/index.php?rest_route=\/wp\/v2\/media\/2005"}],"wp:attachment":[{"href":"https:\/\/new.comcosur.com\/index.php?rest_route=%2Fwp%2Fv2%2Fmedia&parent=147"}],"wp:term":[{"taxonomy":"product_brand","embeddable":true,"href":"https:\/\/new.comcosur.com\/index.php?rest_route=%2Fwp%2Fv2%2Fproduct_brand&post=147"},{"taxonomy":"product_cat","embeddable":true,"href":"https:\/\/new.comcosur.com\/index.php?rest_route=%2Fwp%2Fv2%2Fproduct_cat&post=147"},{"taxonomy":"product_tag","embeddable":true,"href":"https:\/\/new.comcosur.com\/index.php?rest_route=%2Fwp%2Fv2%2Fproduct_tag&post=147"},{"taxonomy":"autor","embeddable":true,"href":"https:\/\/new.comcosur.com\/index.php?rest_route=%2Fwp%2Fv2%2Fautor&post=147"}],"curies":[{"name":"wp","href":"https:\/\/api.w.org\/{rel}","templated":true}]}}