{"id":146,"date":"2022-05-15T21:54:22","date_gmt":"2022-05-16T02:54:22","guid":{"rendered":"https:\/\/new.comcosur.com\/?post_type=product&#038;p=146"},"modified":"2025-01-16T12:05:08","modified_gmt":"2025-01-16T17:05:08","slug":"la-isla-misteriosa","status":"publish","type":"product","link":"https:\/\/new.comcosur.com\/?product=la-isla-misteriosa","title":{"rendered":"La isla misteriosa"},"content":{"rendered":"","protected":false},"excerpt":{"rendered":"<p><em>La isla misteriosa<\/em> (1874) es una de las novelas m\u00e1s destacadas de Julio Verne. Representa la pasi\u00f3n del autor por los avances cient\u00edficos y tecnol\u00f3gicos, as\u00ed como su admiraci\u00f3n por el pueblo estadounidense, entonces s\u00edmbolo del progreso, la iniciativa, la tecnolog\u00eda y la ciencia. Tiene como protagonista al ingeniero Cyrus Smith, cuyos conocimientos t\u00e9cnicos y pr\u00e1cticos permiten la supervivencia del grupo de personajes que llega accidentalmente a la isla.<\/p>\n<p>Muchos textos de Verne, popularizados r\u00e1pidamente en vida del autor, se han consolidado entre los grandes cl\u00e1sicos de la literatura infantil y juvenil de los siglos XIX y XX. No cabe duda de que su imaginaci\u00f3n supo conjugar h\u00e1bilmente los elementos fant\u00e1sticos con datos cient\u00edficos, de tal manera que realidad y ficci\u00f3n se entremezclaban de forma indistinguible dentro de los acontecimientos narrados en sus obras.<\/p>\n<p><em>La isla misteriosa<\/em> es una novela de aventuras, divertida y emocionante, influida por los impresionantes avances de la ciencia y la t\u00e9cnica de la \u00e9poca. Enmarcada en el proyecto de crear una literatura cient\u00edfica, esta obra es un relato \u00e9pico que exalta el genio y la fortaleza del ser humano en su lucha por dominar y transformar la naturaleza.<\/p>\n","protected":false},"featured_media":472,"comment_status":"closed","ping_status":"closed","template":"","meta":{"_acf_changed":false},"product_brand":[],"product_cat":[103,104],"product_tag":[],"autor":[21],"class_list":{"0":"post-146","1":"product","2":"type-product","3":"status-publish","4":"has-post-thumbnail","6":"product_cat-ficcion-de-aventuras","7":"product_cat-novela","8":"autor-julio-verne","10":"first","11":"instock","12":"shipping-taxable","13":"purchasable","14":"product-type-simple"},"acf":[],"_links":{"self":[{"href":"https:\/\/new.comcosur.com\/index.php?rest_route=\/wp\/v2\/product\/146","targetHints":{"allow":["GET"]}}],"collection":[{"href":"https:\/\/new.comcosur.com\/index.php?rest_route=\/wp\/v2\/product"}],"about":[{"href":"https:\/\/new.comcosur.com\/index.php?rest_route=\/wp\/v2\/types\/product"}],"replies":[{"embeddable":true,"href":"https:\/\/new.comcosur.com\/index.php?rest_route=%2Fwp%2Fv2%2Fcomments&post=146"}],"wp:featuredmedia":[{"embeddable":true,"href":"https:\/\/new.comcosur.com\/index.php?rest_route=\/wp\/v2\/media\/472"}],"wp:attachment":[{"href":"https:\/\/new.comcosur.com\/index.php?rest_route=%2Fwp%2Fv2%2Fmedia&parent=146"}],"wp:term":[{"taxonomy":"product_brand","embeddable":true,"href":"https:\/\/new.comcosur.com\/index.php?rest_route=%2Fwp%2Fv2%2Fproduct_brand&post=146"},{"taxonomy":"product_cat","embeddable":true,"href":"https:\/\/new.comcosur.com\/index.php?rest_route=%2Fwp%2Fv2%2Fproduct_cat&post=146"},{"taxonomy":"product_tag","embeddable":true,"href":"https:\/\/new.comcosur.com\/index.php?rest_route=%2Fwp%2Fv2%2Fproduct_tag&post=146"},{"taxonomy":"autor","embeddable":true,"href":"https:\/\/new.comcosur.com\/index.php?rest_route=%2Fwp%2Fv2%2Fautor&post=146"}],"curies":[{"name":"wp","href":"https:\/\/api.w.org\/{rel}","templated":true}]}}