{"id":143,"date":"2022-05-15T21:54:21","date_gmt":"2022-05-16T02:54:21","guid":{"rendered":"https:\/\/new.comcosur.com\/?post_type=product&#038;p=143"},"modified":"2025-01-15T16:14:17","modified_gmt":"2025-01-15T21:14:17","slug":"la-divina-comedia","status":"publish","type":"product","link":"https:\/\/new.comcosur.com\/?product=la-divina-comedia","title":{"rendered":"La Divina Comedia"},"content":{"rendered":"","protected":false},"excerpt":{"rendered":"<p>El hombre debe, siempre que pueda, cerrar sus labios antes de decir una verdad que tenga visos de mentira, porque se expone a avergonzarse sin tener culpa. Pero ahora no puedo callarme, y te juro, \u00a1oh lector!, por los versos de esta comedia, a la que deseo la mayor aceptaci\u00f3n, que vi venir nadando por el aire denso y oscuro una figura que causar\u00eda espanto al coraz\u00f3n m\u00e1s entero; la cual se asemejaba al buzo que vuelve del fondo adonde baj\u00f3 acaso a desprender el ancla que est\u00e1 afianzada a un escollo u otro cualquier objeto escondido en el mar, y que extiende hacia arriba los brazos al mismo tiempo que encoge sus piernas.<\/p>\n","protected":false},"featured_media":468,"comment_status":"closed","ping_status":"closed","template":"","meta":{"_acf_changed":false},"product_brand":[],"product_cat":[118],"product_tag":[],"autor":[53],"class_list":{"0":"post-143","1":"product","2":"type-product","3":"status-publish","4":"has-post-thumbnail","6":"product_cat-epopeya","7":"autor-dante-alighieri","9":"first","10":"instock","11":"shipping-taxable","12":"purchasable","13":"product-type-simple"},"acf":[],"_links":{"self":[{"href":"https:\/\/new.comcosur.com\/index.php?rest_route=\/wp\/v2\/product\/143","targetHints":{"allow":["GET"]}}],"collection":[{"href":"https:\/\/new.comcosur.com\/index.php?rest_route=\/wp\/v2\/product"}],"about":[{"href":"https:\/\/new.comcosur.com\/index.php?rest_route=\/wp\/v2\/types\/product"}],"replies":[{"embeddable":true,"href":"https:\/\/new.comcosur.com\/index.php?rest_route=%2Fwp%2Fv2%2Fcomments&post=143"}],"wp:featuredmedia":[{"embeddable":true,"href":"https:\/\/new.comcosur.com\/index.php?rest_route=\/wp\/v2\/media\/468"}],"wp:attachment":[{"href":"https:\/\/new.comcosur.com\/index.php?rest_route=%2Fwp%2Fv2%2Fmedia&parent=143"}],"wp:term":[{"taxonomy":"product_brand","embeddable":true,"href":"https:\/\/new.comcosur.com\/index.php?rest_route=%2Fwp%2Fv2%2Fproduct_brand&post=143"},{"taxonomy":"product_cat","embeddable":true,"href":"https:\/\/new.comcosur.com\/index.php?rest_route=%2Fwp%2Fv2%2Fproduct_cat&post=143"},{"taxonomy":"product_tag","embeddable":true,"href":"https:\/\/new.comcosur.com\/index.php?rest_route=%2Fwp%2Fv2%2Fproduct_tag&post=143"},{"taxonomy":"autor","embeddable":true,"href":"https:\/\/new.comcosur.com\/index.php?rest_route=%2Fwp%2Fv2%2Fautor&post=143"}],"curies":[{"name":"wp","href":"https:\/\/api.w.org\/{rel}","templated":true}]}}