{"id":1402,"date":"2023-04-04T09:56:22","date_gmt":"2023-04-04T14:56:22","guid":{"rendered":"https:\/\/new.comcosur.com\/?post_type=product&#038;p=1402"},"modified":"2025-01-15T12:23:19","modified_gmt":"2025-01-15T17:23:19","slug":"decameron","status":"publish","type":"product","link":"https:\/\/new.comcosur.com\/?product=decameron","title":{"rendered":"Decamer\u00f3n"},"content":{"rendered":"","protected":false},"excerpt":{"rendered":"<p>\u2b50\u2b50\u2b50\u2b50\u2b50<\/p>\n<p><em>El Decamer\u00f3n<\/em> es una innovaci\u00f3n en la literatura de la \u00e9poca, tiene como principal caracter\u00edstica la elegancia en la prosa, la riqueza y variedad de los cuentos, que alternan entre la solemnidad y el humor, adem\u00e1s de la brillantez de su escritura y su an\u00e1lisis realista de los personajes.<\/p>\n<p>Boccaccio nos presenta hidalgos empobrecidos, alegres viudas, artesanos bromistas, m\u00e9dicos ignorantes, frailes tramposos, mujeres aburridas de los continuos viajes mercantiles de sus esposos, entre otros personajes. El fuerte sentido anticlerical de las historias de Boccaccio le aleja de la concepci\u00f3n teoc\u00e9ntrica medieval. En esta obra, Boccaccio reuni\u00f3 material de muchas fuentes: las versiones latinas de <em>Calila y Dimna<\/em>, el <em>Sendebar<\/em>, <em>Las mil y una noches<\/em>, relatos populares y observaciones de la vida italiana de su tiempo.<\/p>\n<p><em>El Decamer\u00f3n<\/em> rompi\u00f3 con la tradici\u00f3n literaria y, por primera vez en la Edad Media, Boccaccio present\u00f3 al hombre como art\u00edfice de su destino, m\u00e1s que como un ser a merced de la gracia divina.<\/p>\n","protected":false},"featured_media":1679,"comment_status":"closed","ping_status":"closed","template":"","meta":{"_acf_changed":false},"product_brand":[],"product_cat":[15,129,104,121,98],"product_tag":[],"autor":[155],"class_list":{"0":"post-1402","1":"product","2":"type-product","3":"status-publish","4":"has-post-thumbnail","6":"product_cat-literatura","7":"product_cat-narracion-poesia","8":"product_cat-novela","9":"product_cat-novela-romantica","10":"product_cat-novela-rosa","11":"autor-giovanni-boccaccio","13":"first","14":"instock","15":"shipping-taxable","16":"purchasable","17":"product-type-simple"},"acf":[],"_links":{"self":[{"href":"https:\/\/new.comcosur.com\/index.php?rest_route=\/wp\/v2\/product\/1402","targetHints":{"allow":["GET"]}}],"collection":[{"href":"https:\/\/new.comcosur.com\/index.php?rest_route=\/wp\/v2\/product"}],"about":[{"href":"https:\/\/new.comcosur.com\/index.php?rest_route=\/wp\/v2\/types\/product"}],"replies":[{"embeddable":true,"href":"https:\/\/new.comcosur.com\/index.php?rest_route=%2Fwp%2Fv2%2Fcomments&post=1402"}],"wp:featuredmedia":[{"embeddable":true,"href":"https:\/\/new.comcosur.com\/index.php?rest_route=\/wp\/v2\/media\/1679"}],"wp:attachment":[{"href":"https:\/\/new.comcosur.com\/index.php?rest_route=%2Fwp%2Fv2%2Fmedia&parent=1402"}],"wp:term":[{"taxonomy":"product_brand","embeddable":true,"href":"https:\/\/new.comcosur.com\/index.php?rest_route=%2Fwp%2Fv2%2Fproduct_brand&post=1402"},{"taxonomy":"product_cat","embeddable":true,"href":"https:\/\/new.comcosur.com\/index.php?rest_route=%2Fwp%2Fv2%2Fproduct_cat&post=1402"},{"taxonomy":"product_tag","embeddable":true,"href":"https:\/\/new.comcosur.com\/index.php?rest_route=%2Fwp%2Fv2%2Fproduct_tag&post=1402"},{"taxonomy":"autor","embeddable":true,"href":"https:\/\/new.comcosur.com\/index.php?rest_route=%2Fwp%2Fv2%2Fautor&post=1402"}],"curies":[{"name":"wp","href":"https:\/\/api.w.org\/{rel}","templated":true}]}}