{"id":1396,"date":"2023-04-04T09:20:49","date_gmt":"2023-04-04T14:20:49","guid":{"rendered":"https:\/\/new.comcosur.com\/?post_type=product&#038;p=1396"},"modified":"2025-01-16T10:34:56","modified_gmt":"2025-01-16T15:34:56","slug":"mujercitas","status":"publish","type":"product","link":"https:\/\/new.comcosur.com\/?product=mujercitas","title":{"rendered":"Mujercitas"},"content":{"rendered":"","protected":false},"excerpt":{"rendered":"<p>\u2b50\u2b50\u2b50\u2b50\u2b50<\/p>\n<p><em>Mujercitas<\/em> es una obra literaria que marc\u00f3 toda una \u00e9poca y todav\u00eda despierta inter\u00e9s en la actualidad. La novela ha sido traducida a m\u00e1s de 50 idiomas, y su \u00e9xito puede medirse por la infinidad de pel\u00edculas que han adaptado la historia a lo largo del tiempo.<\/p>\n<p><em>Mujercitas<\/em> se convirti\u00f3 en un hito no solo por estar maravillosamente escrita, sino tambi\u00e9n por el gran realismo presente en cada una de sus l\u00edneas.<\/p>\n<p>Cuando esta obra apareci\u00f3, la presencia femenina en la literatura era bastante residual o quedaba ensombrecida por lo masculino. Adem\u00e1s, <em>Mujercitas<\/em> se alejaba del romanticismo y se sumerg\u00eda en el realismo, mostrando una realidad cotidiana y femenina. Por esta raz\u00f3n, la novela de Louisa May Alcott tuvo un \u00e9xito inmediato: no se parec\u00eda a nada de lo que circulaba en ese entonces.<\/p>\n<p>Por otro lado, la obra refleja ideas y valores bien fundamentados, en los que la mujer aparece como pensadora y constructora de su destino, algo que para la \u00e9poca era completamente revolucionario. Tambi\u00e9n se perciben, entre l\u00edneas, las ideas abolicionistas y radicalmente democr\u00e1ticas de la autora.<\/p>\n","protected":false},"featured_media":1681,"comment_status":"closed","ping_status":"closed","template":"","meta":{"_acf_changed":false},"product_brand":[],"product_cat":[15,107,126,104,121,98],"product_tag":[],"autor":[153],"class_list":{"0":"post-1396","1":"product","2":"type-product","3":"status-publish","4":"has-post-thumbnail","6":"product_cat-literatura","7":"product_cat-etica-y-civismo","8":"product_cat-literatura-juvenil","9":"product_cat-novela","10":"product_cat-novela-romantica","11":"product_cat-novela-rosa","12":"autor-louisa-may-alcott","14":"first","15":"instock","16":"shipping-taxable","17":"purchasable","18":"product-type-simple"},"acf":[],"_links":{"self":[{"href":"https:\/\/new.comcosur.com\/index.php?rest_route=\/wp\/v2\/product\/1396","targetHints":{"allow":["GET"]}}],"collection":[{"href":"https:\/\/new.comcosur.com\/index.php?rest_route=\/wp\/v2\/product"}],"about":[{"href":"https:\/\/new.comcosur.com\/index.php?rest_route=\/wp\/v2\/types\/product"}],"replies":[{"embeddable":true,"href":"https:\/\/new.comcosur.com\/index.php?rest_route=%2Fwp%2Fv2%2Fcomments&post=1396"}],"wp:featuredmedia":[{"embeddable":true,"href":"https:\/\/new.comcosur.com\/index.php?rest_route=\/wp\/v2\/media\/1681"}],"wp:attachment":[{"href":"https:\/\/new.comcosur.com\/index.php?rest_route=%2Fwp%2Fv2%2Fmedia&parent=1396"}],"wp:term":[{"taxonomy":"product_brand","embeddable":true,"href":"https:\/\/new.comcosur.com\/index.php?rest_route=%2Fwp%2Fv2%2Fproduct_brand&post=1396"},{"taxonomy":"product_cat","embeddable":true,"href":"https:\/\/new.comcosur.com\/index.php?rest_route=%2Fwp%2Fv2%2Fproduct_cat&post=1396"},{"taxonomy":"product_tag","embeddable":true,"href":"https:\/\/new.comcosur.com\/index.php?rest_route=%2Fwp%2Fv2%2Fproduct_tag&post=1396"},{"taxonomy":"autor","embeddable":true,"href":"https:\/\/new.comcosur.com\/index.php?rest_route=%2Fwp%2Fv2%2Fautor&post=1396"}],"curies":[{"name":"wp","href":"https:\/\/api.w.org\/{rel}","templated":true}]}}