{"id":139,"date":"2022-05-15T21:54:21","date_gmt":"2022-05-16T02:54:21","guid":{"rendered":"https:\/\/new.comcosur.com\/?post_type=product&#038;p=139"},"modified":"2025-01-15T15:26:15","modified_gmt":"2025-01-15T20:26:15","slug":"frankenstein","status":"publish","type":"product","link":"https:\/\/new.comcosur.com\/?product=frankenstein","title":{"rendered":"Frankenstein"},"content":{"rendered":"","protected":false},"excerpt":{"rendered":"<div class=\"container\">\n<div class=\"row mb--60\">\n<div class=\"col-lg-7 mt--30 mt-lg--30\">\n<div class=\"product-details-info pl-lg--30 \">\n<article class=\"product-details-article\">\n<div class=\"flex max-w-full flex-col flex-grow\">\n<div class=\"min-h-8 text-message flex w-full flex-col items-end gap-2 whitespace-normal break-words text-start [.text-message+&amp;]:mt-5\" dir=\"auto\" data-message-author-role=\"assistant\" data-message-id=\"a0cb8c51-87e3-4296-9d86-3e2ab43c3aff\" data-message-model-slug=\"gpt-4o-mini\">\n<div class=\"flex w-full flex-col gap-1 empty:hidden first:pt-[3px]\">\n<div class=\"markdown prose w-full break-words dark:prose-invert light\">\n<p><em>Frankenstein<\/em> es un libro donde la ciencia comete un error fatal. \u00bfHasta d\u00f3nde puede llegar un cient\u00edfico en su af\u00e1n de descubrir y crear? \u00bfCu\u00e1n responsable es de sus inventos? \u00bfPuede resultar un experimento en una amenaza? S\u00ed, este es el caso. Crear vida \u201cde la nada\u201d y no continuar la obra como se debe, tiene como consecuencia la ruina del entorno del cient\u00edfico en cuesti\u00f3n. El llamado \u2018monstruo\u2019 Frankenstein no era un ser maligno, sino que la sociedad y la ciencia mal encarada lo hicieron as\u00ed. El doctor Frankenstein, su creador, lo abandon\u00f3 en el mismo instante en que se dio cuenta de lo extralimitado y quim\u00e9rico que result\u00f3 su experimento. No intent\u00f3 mejorar la situaci\u00f3n, sino que huy\u00f3 ardentemente. Aunque tampoco se puede juzgar de forma impropia al doctor Frankenstein, porque su formaci\u00f3n acad\u00e9mica no encamin\u00f3 debidamente sus inquietudes. Una concatenaci\u00f3n de hechos que llevan al sufrimiento del creador y del creado.<\/p>\n<\/div>\n<\/div>\n<\/div>\n<\/div>\n<\/article>\n<\/div>\n<\/div>\n<\/div>\n<\/div>\n","protected":false},"featured_media":458,"comment_status":"closed","ping_status":"closed","template":"","meta":{"_acf_changed":false},"product_brand":[],"product_cat":[99,100,104],"product_tag":[],"autor":[50],"class_list":{"0":"post-139","1":"product","2":"type-product","3":"status-publish","4":"has-post-thumbnail","6":"product_cat-ficcion-gotica","7":"product_cat-horror","8":"product_cat-novela","9":"autor-mary-shelley","11":"first","12":"instock","13":"shipping-taxable","14":"purchasable","15":"product-type-simple"},"acf":[],"_links":{"self":[{"href":"https:\/\/new.comcosur.com\/index.php?rest_route=\/wp\/v2\/product\/139","targetHints":{"allow":["GET"]}}],"collection":[{"href":"https:\/\/new.comcosur.com\/index.php?rest_route=\/wp\/v2\/product"}],"about":[{"href":"https:\/\/new.comcosur.com\/index.php?rest_route=\/wp\/v2\/types\/product"}],"replies":[{"embeddable":true,"href":"https:\/\/new.comcosur.com\/index.php?rest_route=%2Fwp%2Fv2%2Fcomments&post=139"}],"wp:featuredmedia":[{"embeddable":true,"href":"https:\/\/new.comcosur.com\/index.php?rest_route=\/wp\/v2\/media\/458"}],"wp:attachment":[{"href":"https:\/\/new.comcosur.com\/index.php?rest_route=%2Fwp%2Fv2%2Fmedia&parent=139"}],"wp:term":[{"taxonomy":"product_brand","embeddable":true,"href":"https:\/\/new.comcosur.com\/index.php?rest_route=%2Fwp%2Fv2%2Fproduct_brand&post=139"},{"taxonomy":"product_cat","embeddable":true,"href":"https:\/\/new.comcosur.com\/index.php?rest_route=%2Fwp%2Fv2%2Fproduct_cat&post=139"},{"taxonomy":"product_tag","embeddable":true,"href":"https:\/\/new.comcosur.com\/index.php?rest_route=%2Fwp%2Fv2%2Fproduct_tag&post=139"},{"taxonomy":"autor","embeddable":true,"href":"https:\/\/new.comcosur.com\/index.php?rest_route=%2Fwp%2Fv2%2Fautor&post=139"}],"curies":[{"name":"wp","href":"https:\/\/api.w.org\/{rel}","templated":true}]}}