{"id":135,"date":"2022-05-15T21:54:20","date_gmt":"2022-05-16T02:54:20","guid":{"rendered":"https:\/\/new.comcosur.com\/?post_type=product&#038;p=135"},"modified":"2025-01-15T15:16:15","modified_gmt":"2025-01-15T20:16:15","slug":"el-quijote-de-la-mancha","status":"publish","type":"product","link":"https:\/\/new.comcosur.com\/?product=el-quijote-de-la-mancha","title":{"rendered":"El Quijote de la Mancha"},"content":{"rendered":"","protected":false},"excerpt":{"rendered":"<p>\u2b50\u2b50\u2b50\u2b50\u2b50<\/p>\n<p><em>El ingenioso hidalgo don Quijote de la Mancha<\/em> de <em>Miguel de Cervantes Saavedra<\/em> es la obra m\u00e1s famosa y le\u00edda de la historia de la literatura de todos los tiempos. La primera parte del libro fue publicada en Madrid en 1605 y, la segunda parte, diez a\u00f1os despu\u00e9s, en 1615, un a\u00f1o antes de la muerte del autor. La novela tuvo una gran acogida en su \u00e9poca y ha sido traducida a todos los idiomas del mundo. <em>El Quijote de la Mancha<\/em> es materia obligatoria en el \u00e1rea de literatura, tanto en colegios como en universidades y para investigadores de la lengua espa\u00f1ola, convirti\u00e9ndose en una obra imprescindible en todas las bibliotecas. Don Quijote y Sancho Panza son los protagonistas de la novela, siendo don Quijote un hidalgo sin t\u00edtulo que se hace caballero andante y su escudero, un humilde vecino suyo quien lo acompa\u00f1ar\u00e1 a lo largo y ancho de sus aventuras.<\/p>\n","protected":false},"featured_media":1552,"comment_status":"closed","ping_status":"closed","template":"","meta":{"_acf_changed":false},"product_brand":[],"product_cat":[116],"product_tag":[],"autor":[170],"class_list":{"0":"post-135","1":"product","2":"type-product","3":"status-publish","4":"has-post-thumbnail","6":"product_cat-satira","7":"autor-miguel-de-cervantes-saavedra","9":"first","10":"instock","11":"shipping-taxable","12":"purchasable","13":"product-type-simple"},"acf":[],"_links":{"self":[{"href":"https:\/\/new.comcosur.com\/index.php?rest_route=\/wp\/v2\/product\/135","targetHints":{"allow":["GET"]}}],"collection":[{"href":"https:\/\/new.comcosur.com\/index.php?rest_route=\/wp\/v2\/product"}],"about":[{"href":"https:\/\/new.comcosur.com\/index.php?rest_route=\/wp\/v2\/types\/product"}],"replies":[{"embeddable":true,"href":"https:\/\/new.comcosur.com\/index.php?rest_route=%2Fwp%2Fv2%2Fcomments&post=135"}],"wp:featuredmedia":[{"embeddable":true,"href":"https:\/\/new.comcosur.com\/index.php?rest_route=\/wp\/v2\/media\/1552"}],"wp:attachment":[{"href":"https:\/\/new.comcosur.com\/index.php?rest_route=%2Fwp%2Fv2%2Fmedia&parent=135"}],"wp:term":[{"taxonomy":"product_brand","embeddable":true,"href":"https:\/\/new.comcosur.com\/index.php?rest_route=%2Fwp%2Fv2%2Fproduct_brand&post=135"},{"taxonomy":"product_cat","embeddable":true,"href":"https:\/\/new.comcosur.com\/index.php?rest_route=%2Fwp%2Fv2%2Fproduct_cat&post=135"},{"taxonomy":"product_tag","embeddable":true,"href":"https:\/\/new.comcosur.com\/index.php?rest_route=%2Fwp%2Fv2%2Fproduct_tag&post=135"},{"taxonomy":"autor","embeddable":true,"href":"https:\/\/new.comcosur.com\/index.php?rest_route=%2Fwp%2Fv2%2Fautor&post=135"}],"curies":[{"name":"wp","href":"https:\/\/api.w.org\/{rel}","templated":true}]}}