{"id":134,"date":"2022-05-15T21:54:20","date_gmt":"2022-05-16T02:54:20","guid":{"rendered":"https:\/\/new.comcosur.com\/?post_type=product&#038;p=134"},"modified":"2025-01-15T15:14:07","modified_gmt":"2025-01-15T20:14:07","slug":"el-profeta","status":"publish","type":"product","link":"https:\/\/new.comcosur.com\/?product=el-profeta","title":{"rendered":"El profeta"},"content":{"rendered":"","protected":false},"excerpt":{"rendered":"<div class=\"container\">\n<div class=\"row mb--60\">\n<div class=\"col-lg-7 mt--30 mt-lg--30\">\n<div class=\"product-details-info pl-lg--30 \">\n<article class=\"product-details-article\">Vuestros hijos no son hijos vuestros: son los hijos y las hijas de las ansias de la vida, deseosa de s\u00ed misma. Vienen a trav\u00e9s vuestro, pero no vienen de vosotros. Y, aunque est\u00e1n con vosotros, no os pertenecen. Pod\u00e9is darles vuestro amor, pero no vuestros pensamientos: porque ellos tienen sus propios pensamientos. Pod\u00e9is hospedar sus cuerpos, pero no sus almas: porque sus almas habitan en la casa del ma\u00f1ana que vosotros no pod\u00e9is visitar, ni siquiera en vuestros sue\u00f1os. Pod\u00e9is esforzaros en ser como ellos, pero no busqu\u00e9is el hacerlos como vosotros. Porque la vida no retrocede ni se entretiene con el ayer. Vosotros sois el arco desde el que vuestros hijos, como flechas vivientes, son impulsados hacia delante.<\/article>\n<\/div>\n<\/div>\n<\/div>\n<\/div>\n","protected":false},"featured_media":451,"comment_status":"closed","ping_status":"closed","template":"","meta":{"_acf_changed":false},"product_brand":[],"product_cat":[96,115],"product_tag":[],"autor":[46],"class_list":{"0":"post-134","1":"product","2":"type-product","3":"status-publish","4":"has-post-thumbnail","6":"product_cat-ficcion","7":"product_cat-poesia","8":"autor-el-loco-khalil-gibran","10":"first","11":"instock","12":"shipping-taxable","13":"purchasable","14":"product-type-simple"},"acf":[],"_links":{"self":[{"href":"https:\/\/new.comcosur.com\/index.php?rest_route=\/wp\/v2\/product\/134","targetHints":{"allow":["GET"]}}],"collection":[{"href":"https:\/\/new.comcosur.com\/index.php?rest_route=\/wp\/v2\/product"}],"about":[{"href":"https:\/\/new.comcosur.com\/index.php?rest_route=\/wp\/v2\/types\/product"}],"replies":[{"embeddable":true,"href":"https:\/\/new.comcosur.com\/index.php?rest_route=%2Fwp%2Fv2%2Fcomments&post=134"}],"wp:featuredmedia":[{"embeddable":true,"href":"https:\/\/new.comcosur.com\/index.php?rest_route=\/wp\/v2\/media\/451"}],"wp:attachment":[{"href":"https:\/\/new.comcosur.com\/index.php?rest_route=%2Fwp%2Fv2%2Fmedia&parent=134"}],"wp:term":[{"taxonomy":"product_brand","embeddable":true,"href":"https:\/\/new.comcosur.com\/index.php?rest_route=%2Fwp%2Fv2%2Fproduct_brand&post=134"},{"taxonomy":"product_cat","embeddable":true,"href":"https:\/\/new.comcosur.com\/index.php?rest_route=%2Fwp%2Fv2%2Fproduct_cat&post=134"},{"taxonomy":"product_tag","embeddable":true,"href":"https:\/\/new.comcosur.com\/index.php?rest_route=%2Fwp%2Fv2%2Fproduct_tag&post=134"},{"taxonomy":"autor","embeddable":true,"href":"https:\/\/new.comcosur.com\/index.php?rest_route=%2Fwp%2Fv2%2Fautor&post=134"}],"curies":[{"name":"wp","href":"https:\/\/api.w.org\/{rel}","templated":true}]}}