{"id":133,"date":"2022-05-15T21:54:20","date_gmt":"2022-05-16T02:54:20","guid":{"rendered":"https:\/\/new.comcosur.com\/?post_type=product&#038;p=133"},"modified":"2025-01-15T15:11:20","modified_gmt":"2025-01-15T20:11:20","slug":"el-principito","status":"publish","type":"product","link":"https:\/\/new.comcosur.com\/?product=el-principito","title":{"rendered":"El Principito"},"content":{"rendered":"","protected":false},"excerpt":{"rendered":"<div class=\"container\">\n<div class=\"row mb--60\">\n<div class=\"col-lg-7 mt--30 mt-lg--30\">\n<div class=\"product-details-info pl-lg--30 \">\n<article class=\"product-details-article\">\n<div class=\"flex max-w-full flex-col flex-grow\">\n<div class=\"min-h-8 text-message flex w-full flex-col items-end gap-2 whitespace-normal break-words text-start [.text-message+&amp;]:mt-5\" dir=\"auto\" data-message-author-role=\"assistant\" data-message-id=\"f27ce812-7aa8-43a0-aa29-f886b4b8f2fd\" data-message-model-slug=\"gpt-4o-mini\">\n<div class=\"flex w-full flex-col gap-1 empty:hidden first:pt-[3px]\">\n<div class=\"markdown prose w-full break-words dark:prose-invert light\">\n<p>La historia tiene una tem\u00e1tica filos\u00f3fica, donde se incluyen cr\u00edticas sociales dirigidas a la extra\u00f1eza con la que los adultos ven las cosas. Estas cr\u00edticas a las cosas importantes y al mundo de los adultos van apareciendo en el libro a lo largo de la narraci\u00f3n.<\/p>\n<\/div>\n<\/div>\n<\/div>\n<\/div>\n<\/article>\n<\/div>\n<\/div>\n<\/div>\n<\/div>\n<section class=\"\">\n<div class=\"container\"><\/div>\n<\/section>\n","protected":false},"featured_media":449,"comment_status":"closed","ping_status":"closed","template":"","meta":{"_acf_changed":false},"product_brand":[],"product_cat":[114],"product_tag":[],"autor":[169],"class_list":{"0":"post-133","1":"product","2":"type-product","3":"status-publish","4":"has-post-thumbnail","6":"product_cat-literatura-infantil","7":"autor-antoine-de-saint-exupery","9":"first","10":"instock","11":"shipping-taxable","12":"purchasable","13":"product-type-simple"},"acf":[],"_links":{"self":[{"href":"https:\/\/new.comcosur.com\/index.php?rest_route=\/wp\/v2\/product\/133","targetHints":{"allow":["GET"]}}],"collection":[{"href":"https:\/\/new.comcosur.com\/index.php?rest_route=\/wp\/v2\/product"}],"about":[{"href":"https:\/\/new.comcosur.com\/index.php?rest_route=\/wp\/v2\/types\/product"}],"replies":[{"embeddable":true,"href":"https:\/\/new.comcosur.com\/index.php?rest_route=%2Fwp%2Fv2%2Fcomments&post=133"}],"wp:featuredmedia":[{"embeddable":true,"href":"https:\/\/new.comcosur.com\/index.php?rest_route=\/wp\/v2\/media\/449"}],"wp:attachment":[{"href":"https:\/\/new.comcosur.com\/index.php?rest_route=%2Fwp%2Fv2%2Fmedia&parent=133"}],"wp:term":[{"taxonomy":"product_brand","embeddable":true,"href":"https:\/\/new.comcosur.com\/index.php?rest_route=%2Fwp%2Fv2%2Fproduct_brand&post=133"},{"taxonomy":"product_cat","embeddable":true,"href":"https:\/\/new.comcosur.com\/index.php?rest_route=%2Fwp%2Fv2%2Fproduct_cat&post=133"},{"taxonomy":"product_tag","embeddable":true,"href":"https:\/\/new.comcosur.com\/index.php?rest_route=%2Fwp%2Fv2%2Fproduct_tag&post=133"},{"taxonomy":"autor","embeddable":true,"href":"https:\/\/new.comcosur.com\/index.php?rest_route=%2Fwp%2Fv2%2Fautor&post=133"}],"curies":[{"name":"wp","href":"https:\/\/api.w.org\/{rel}","templated":true}]}}