{"id":132,"date":"2022-05-15T21:54:20","date_gmt":"2022-05-16T02:54:20","guid":{"rendered":"https:\/\/new.comcosur.com\/?post_type=product&#038;p=132"},"modified":"2023-05-15T11:20:56","modified_gmt":"2023-05-15T16:20:56","slug":"el-principe-y-el-mendigo","status":"publish","type":"product","link":"https:\/\/new.comcosur.com\/?product=el-principe-y-el-mendigo","title":{"rendered":"El pr\u00edncipe y el mendigo"},"content":{"rendered":"","protected":false},"excerpt":{"rendered":"<p>Mark Twain se caracteriza por ser un escritor popular, cuyo p\u00fablico m\u00e1s entusiasta ha estado siempre constituido por ni\u00f1os y adolescentes. Su estilo, de f\u00e1cil comprensi\u00f3n, recurre constantemente al humor y a la ternura, a la extravagancia y, en general a los rasgos picarescos de personajes y situaciones.<\/p>\n","protected":false},"featured_media":447,"comment_status":"open","ping_status":"closed","template":"","meta":{"_acf_changed":false},"product_brand":[],"product_cat":[114,104],"product_tag":[],"autor":[44],"class_list":{"0":"post-132","1":"product","2":"type-product","3":"status-publish","4":"has-post-thumbnail","6":"product_cat-literatura-infantil","7":"product_cat-novela","8":"autor-mark-twain","10":"first","11":"instock","12":"shipping-taxable","13":"purchasable","14":"product-type-simple"},"acf":[],"_links":{"self":[{"href":"https:\/\/new.comcosur.com\/index.php?rest_route=\/wp\/v2\/product\/132","targetHints":{"allow":["GET"]}}],"collection":[{"href":"https:\/\/new.comcosur.com\/index.php?rest_route=\/wp\/v2\/product"}],"about":[{"href":"https:\/\/new.comcosur.com\/index.php?rest_route=\/wp\/v2\/types\/product"}],"replies":[{"embeddable":true,"href":"https:\/\/new.comcosur.com\/index.php?rest_route=%2Fwp%2Fv2%2Fcomments&post=132"}],"wp:featuredmedia":[{"embeddable":true,"href":"https:\/\/new.comcosur.com\/index.php?rest_route=\/wp\/v2\/media\/447"}],"wp:attachment":[{"href":"https:\/\/new.comcosur.com\/index.php?rest_route=%2Fwp%2Fv2%2Fmedia&parent=132"}],"wp:term":[{"taxonomy":"product_brand","embeddable":true,"href":"https:\/\/new.comcosur.com\/index.php?rest_route=%2Fwp%2Fv2%2Fproduct_brand&post=132"},{"taxonomy":"product_cat","embeddable":true,"href":"https:\/\/new.comcosur.com\/index.php?rest_route=%2Fwp%2Fv2%2Fproduct_cat&post=132"},{"taxonomy":"product_tag","embeddable":true,"href":"https:\/\/new.comcosur.com\/index.php?rest_route=%2Fwp%2Fv2%2Fproduct_tag&post=132"},{"taxonomy":"autor","embeddable":true,"href":"https:\/\/new.comcosur.com\/index.php?rest_route=%2Fwp%2Fv2%2Fautor&post=132"}],"curies":[{"name":"wp","href":"https:\/\/api.w.org\/{rel}","templated":true}]}}