{"id":131,"date":"2022-05-15T21:54:20","date_gmt":"2022-05-16T02:54:20","guid":{"rendered":"https:\/\/new.comcosur.com\/?post_type=product&#038;p=131"},"modified":"2025-01-15T15:08:07","modified_gmt":"2025-01-15T20:08:07","slug":"el-principe","status":"publish","type":"product","link":"https:\/\/new.comcosur.com\/?product=el-principe","title":{"rendered":"El pr\u00edncipe"},"content":{"rendered":"<p>Incluye: Del arte de la guerra<\/p>\n","protected":false},"excerpt":{"rendered":"<p>No se puede satisfacer dignamente a los grandes sin cometer injusticias con los otros, pero s\u00ed se puede satisfacer al pueblo, porque el fin del pueblo es m\u00e1s honrado que el de los grandes, en cuanto los grandes quieren oprimir y el pueblo no ser oprimido. &gt;&gt; C\u00e1p. IX de <em>El pr\u00edncipe<\/em><\/p>\n<p>Concluir\u00e9 diciendo solamente que un pr\u00edncipe necesita tener al pueblo de su lado: en caso contrario, en las adversidades no tendr\u00e1 remedio alguno. &gt;&gt; C\u00e1p. IX de <em>El pr\u00edncipe<\/em><\/p>\n<p>La mejor fortaleza que existe consiste en no ser odiado por el pueblo porque, aunque tengas fortaleza, si el pueblo te odia, ellas no te salvar\u00e1n, puesto que una vez tomadas las armas los pueblos siempre encontrar\u00e1n extranjeros que los ayuden. &gt;&gt; C\u00e1p. XX de <em>El pr\u00edncipe<\/em><\/p>\n","protected":false},"featured_media":1665,"comment_status":"closed","ping_status":"closed","template":"","meta":{"_acf_changed":false},"product_brand":[],"product_cat":[96],"product_tag":[],"autor":[43],"class_list":{"0":"post-131","1":"product","2":"type-product","3":"status-publish","4":"has-post-thumbnail","6":"product_cat-ficcion","7":"autor-nicolas-maquiavelo","9":"first","10":"instock","11":"shipping-taxable","12":"purchasable","13":"product-type-simple"},"acf":[],"_links":{"self":[{"href":"https:\/\/new.comcosur.com\/index.php?rest_route=\/wp\/v2\/product\/131","targetHints":{"allow":["GET"]}}],"collection":[{"href":"https:\/\/new.comcosur.com\/index.php?rest_route=\/wp\/v2\/product"}],"about":[{"href":"https:\/\/new.comcosur.com\/index.php?rest_route=\/wp\/v2\/types\/product"}],"replies":[{"embeddable":true,"href":"https:\/\/new.comcosur.com\/index.php?rest_route=%2Fwp%2Fv2%2Fcomments&post=131"}],"wp:featuredmedia":[{"embeddable":true,"href":"https:\/\/new.comcosur.com\/index.php?rest_route=\/wp\/v2\/media\/1665"}],"wp:attachment":[{"href":"https:\/\/new.comcosur.com\/index.php?rest_route=%2Fwp%2Fv2%2Fmedia&parent=131"}],"wp:term":[{"taxonomy":"product_brand","embeddable":true,"href":"https:\/\/new.comcosur.com\/index.php?rest_route=%2Fwp%2Fv2%2Fproduct_brand&post=131"},{"taxonomy":"product_cat","embeddable":true,"href":"https:\/\/new.comcosur.com\/index.php?rest_route=%2Fwp%2Fv2%2Fproduct_cat&post=131"},{"taxonomy":"product_tag","embeddable":true,"href":"https:\/\/new.comcosur.com\/index.php?rest_route=%2Fwp%2Fv2%2Fproduct_tag&post=131"},{"taxonomy":"autor","embeddable":true,"href":"https:\/\/new.comcosur.com\/index.php?rest_route=%2Fwp%2Fv2%2Fautor&post=131"}],"curies":[{"name":"wp","href":"https:\/\/api.w.org\/{rel}","templated":true}]}}