{"id":126,"date":"2022-05-15T21:54:19","date_gmt":"2022-05-16T02:54:19","guid":{"rendered":"https:\/\/new.comcosur.com\/?post_type=product&#038;p=126"},"modified":"2025-01-15T13:12:28","modified_gmt":"2025-01-15T18:12:28","slug":"el-lazarillo-de-tormes","status":"publish","type":"product","link":"https:\/\/new.comcosur.com\/?product=el-lazarillo-de-tormes","title":{"rendered":"El Lazarillo de Tormes"},"content":{"rendered":"","protected":false},"excerpt":{"rendered":"<div class=\"container\">\n<div class=\"row mb--60\">\n<div class=\"col-lg-7 mt--30 mt-lg--30\">\n<div class=\"product-details-info pl-lg--30 \">\n<article class=\"product-details-article\">Y tornaron de nuevo a contar mis cuitas y a re\u00edrlas, y yo, pecador, a llorarlas. Con todo esto, dieronme de comer, que estaba transido de hambre, y apenas me pudieron remediar. Y as\u00ed, de poco en poco, a los quince d\u00edas me levant\u00e9 y estuve sin peligro \u2014mas no sin hambre\u2014 y medio sano. Luego, otro d\u00eda que fui levantado, el se\u00f1or, mi amo, me tom\u00f3 por la mano y sac\u00f3me a la puerta afuera, y, puesto en la calle, d\u00edjome: -L\u00e1zaro, de hoy m\u00e1s eres tuyo y no m\u00edo. Busca amo y vete con Dios. Que yo no quiero en mi compa\u00f1\u00eda tan diligente servidor. No es posible sino que hayas sido mozo de ciego.<\/p>\n<p>Y santigu\u00e1ndose de m\u00ed, como si yo estuviera endemoniado, se torn\u00f3 a meter en casa y cerr\u00f3 su puerta.<\/p>\n<\/article>\n<\/div>\n<\/div>\n<\/div>\n<\/div>\n","protected":false},"featured_media":439,"comment_status":"closed","ping_status":"closed","template":"","meta":{"_acf_changed":false},"product_brand":[],"product_cat":[104],"product_tag":[],"autor":[39],"class_list":{"0":"post-126","1":"product","2":"type-product","3":"status-publish","4":"has-post-thumbnail","6":"product_cat-novela","7":"autor-anonimo","9":"first","10":"instock","11":"shipping-taxable","12":"purchasable","13":"product-type-simple"},"acf":[],"_links":{"self":[{"href":"https:\/\/new.comcosur.com\/index.php?rest_route=\/wp\/v2\/product\/126","targetHints":{"allow":["GET"]}}],"collection":[{"href":"https:\/\/new.comcosur.com\/index.php?rest_route=\/wp\/v2\/product"}],"about":[{"href":"https:\/\/new.comcosur.com\/index.php?rest_route=\/wp\/v2\/types\/product"}],"replies":[{"embeddable":true,"href":"https:\/\/new.comcosur.com\/index.php?rest_route=%2Fwp%2Fv2%2Fcomments&post=126"}],"wp:featuredmedia":[{"embeddable":true,"href":"https:\/\/new.comcosur.com\/index.php?rest_route=\/wp\/v2\/media\/439"}],"wp:attachment":[{"href":"https:\/\/new.comcosur.com\/index.php?rest_route=%2Fwp%2Fv2%2Fmedia&parent=126"}],"wp:term":[{"taxonomy":"product_brand","embeddable":true,"href":"https:\/\/new.comcosur.com\/index.php?rest_route=%2Fwp%2Fv2%2Fproduct_brand&post=126"},{"taxonomy":"product_cat","embeddable":true,"href":"https:\/\/new.comcosur.com\/index.php?rest_route=%2Fwp%2Fv2%2Fproduct_cat&post=126"},{"taxonomy":"product_tag","embeddable":true,"href":"https:\/\/new.comcosur.com\/index.php?rest_route=%2Fwp%2Fv2%2Fproduct_tag&post=126"},{"taxonomy":"autor","embeddable":true,"href":"https:\/\/new.comcosur.com\/index.php?rest_route=%2Fwp%2Fv2%2Fautor&post=126"}],"curies":[{"name":"wp","href":"https:\/\/api.w.org\/{rel}","templated":true}]}}