{"id":1254,"date":"2023-02-09T14:35:23","date_gmt":"2023-02-09T19:35:23","guid":{"rendered":"https:\/\/new.comcosur.com\/?post_type=product&#038;p=1254"},"modified":"2025-01-15T12:36:28","modified_gmt":"2025-01-15T17:36:28","slug":"el-cuervo-poemas-y-relatos","status":"publish","type":"product","link":"https:\/\/new.comcosur.com\/?product=el-cuervo-poemas-y-relatos","title":{"rendered":"El Cuervo Poemas y Relatos"},"content":{"rendered":"","protected":false},"excerpt":{"rendered":"<p>\u2b50\u2b50\u2b50\u2b50\u2b50<\/p>\n<div class=\"flex max-w-full flex-col flex-grow\">\n<div class=\"min-h-8 text-message flex w-full flex-col items-end gap-2 whitespace-normal break-words text-start [.text-message+&amp;]:mt-5\" dir=\"auto\" data-message-author-role=\"assistant\" data-message-id=\"528d038a-f7e3-40ac-bf86-218b0aaefc3c\" data-message-model-slug=\"gpt-4o-mini\">\n<div class=\"flex w-full flex-col gap-1 empty:hidden first:pt-[3px]\">\n<div class=\"markdown prose w-full break-words dark:prose-invert light\">\n<p>Este libro re\u00fane las mejores narraciones y los poemas m\u00e1s c\u00e9lebres de Edgar Allan Poe. <em>Annabel Lee<\/em>, <em>Las campanas<\/em>, <em>Leonore<\/em> y otros, adem\u00e1s del c\u00e9lebre poema <em>El cuervo<\/em>, maravillosa composici\u00f3n que se ha hecho un lugar en la historia de la poes\u00eda por su inimitable originalidad y reconocimiento, pues ha concitado siempre el inter\u00e9s de cr\u00edticos y lectores. <em>El cuervo<\/em> es un poema que contiene los principales elementos de las historias de terror en tan solo pocas l\u00edneas. El poema armoniza de forma extraordinaria el universo simb\u00f3lico de lo sobrenatural y extra\u00f1o con un gran lenguaje estilizado y de notable musicalidad del lenguaje po\u00e9tico. El busto de Palas Atenea y el cuervo graznando \u00abNunca jam\u00e1s\u00bb forman parte de la historia de la literatura universal. Entre las narraciones que componen este libro destacamos <em>William Wilson<\/em>, <em>El entierro prematuro<\/em>, <em>El escarabajo de oro<\/em>, <em>El retrato oval<\/em>, <em>El coraz\u00f3n delator<\/em>, entre otras. Tanto los relatos como los poemas de este libro vienen acompa\u00f1ados de impresionantes e inquietantes ilustraciones seleccionadas especialmente para esta edici\u00f3n.<\/p>\n<\/div>\n<\/div>\n<\/div>\n<\/div>\n","protected":false},"featured_media":1683,"comment_status":"closed","ping_status":"closed","template":"","meta":{"_acf_changed":false},"product_brand":[],"product_cat":[15,99,100,126,101,134,146],"product_tag":[],"autor":[66],"class_list":{"0":"post-1254","1":"product","2":"type-product","3":"status-publish","4":"has-post-thumbnail","6":"product_cat-literatura","7":"product_cat-ficcion-gotica","8":"product_cat-horror","9":"product_cat-literatura-juvenil","10":"product_cat-misterio","11":"product_cat-narracion","12":"product_cat-terror","13":"autor-edgar-allan-poe","15":"first","16":"instock","17":"shipping-taxable","18":"purchasable","19":"product-type-simple"},"acf":[],"_links":{"self":[{"href":"https:\/\/new.comcosur.com\/index.php?rest_route=\/wp\/v2\/product\/1254","targetHints":{"allow":["GET"]}}],"collection":[{"href":"https:\/\/new.comcosur.com\/index.php?rest_route=\/wp\/v2\/product"}],"about":[{"href":"https:\/\/new.comcosur.com\/index.php?rest_route=\/wp\/v2\/types\/product"}],"replies":[{"embeddable":true,"href":"https:\/\/new.comcosur.com\/index.php?rest_route=%2Fwp%2Fv2%2Fcomments&post=1254"}],"wp:featuredmedia":[{"embeddable":true,"href":"https:\/\/new.comcosur.com\/index.php?rest_route=\/wp\/v2\/media\/1683"}],"wp:attachment":[{"href":"https:\/\/new.comcosur.com\/index.php?rest_route=%2Fwp%2Fv2%2Fmedia&parent=1254"}],"wp:term":[{"taxonomy":"product_brand","embeddable":true,"href":"https:\/\/new.comcosur.com\/index.php?rest_route=%2Fwp%2Fv2%2Fproduct_brand&post=1254"},{"taxonomy":"product_cat","embeddable":true,"href":"https:\/\/new.comcosur.com\/index.php?rest_route=%2Fwp%2Fv2%2Fproduct_cat&post=1254"},{"taxonomy":"product_tag","embeddable":true,"href":"https:\/\/new.comcosur.com\/index.php?rest_route=%2Fwp%2Fv2%2Fproduct_tag&post=1254"},{"taxonomy":"autor","embeddable":true,"href":"https:\/\/new.comcosur.com\/index.php?rest_route=%2Fwp%2Fv2%2Fautor&post=1254"}],"curies":[{"name":"wp","href":"https:\/\/api.w.org\/{rel}","templated":true}]}}