{"id":123,"date":"2022-05-15T21:54:19","date_gmt":"2022-05-16T02:54:19","guid":{"rendered":"https:\/\/new.comcosur.com\/?post_type=product&#038;p=123"},"modified":"2025-01-15T12:58:09","modified_gmt":"2025-01-15T17:58:09","slug":"el-fantasma-de-canterville","status":"publish","type":"product","link":"https:\/\/new.comcosur.com\/?product=el-fantasma-de-canterville","title":{"rendered":"El Fantasma de Canterville"},"content":{"rendered":"","protected":false},"excerpt":{"rendered":"<p>\u2b50\u2b50\u2b50\u2b50\u2b50<\/p>\n<div class=\"flex max-w-full flex-col flex-grow\">\n<div class=\"min-h-8 text-message flex w-full flex-col items-end gap-2 whitespace-normal break-words text-start [.text-message+&amp;]:mt-5\" dir=\"auto\" data-message-author-role=\"assistant\" data-message-id=\"5af1077f-7e81-4b30-a590-5ed70f7fb8c6\" data-message-model-slug=\"gpt-4o-mini\">\n<div class=\"flex w-full flex-col gap-1 empty:hidden first:pt-[3px]\">\n<div class=\"markdown prose w-full break-words dark:prose-invert light\">\n<p>Virginia se estremeci\u00f3 de miedo, pero acept\u00f3 ayudar al fantasma. Este, emocionado, la llev\u00f3 hasta la biblioteca, donde la pared se esfum\u00f3 y se convirti\u00f3 en una gran nube negra, la cual Virginia atraves\u00f3 junto al fantasma. Al cabo de un rato, lleg\u00f3 la hora del t\u00e9, y al ver que Virginia no aparec\u00eda, su madre se preocup\u00f3. Al final, la buscaron por todos lados y creyeron que un grupo de gitanos que d\u00edas antes hab\u00edan estado all\u00ed se la hab\u00edan llevado. Sin embargo, M\u00edster Otis y el Duquecito fueron a buscarla, pero no la hallaron con los gitanos. As\u00ed, lleg\u00f3 la hora de la cena, y Mistress Otis se resign\u00f3, pues pens\u00f3 que esa noche no encontrar\u00edan a su hija. Pero un estruendoso rayo cay\u00f3, y el portal por el que Virginia hab\u00eda ido se abri\u00f3 de nuevo. Ella apareci\u00f3 p\u00e1lida, con un cofrecito en la mano, el cual conten\u00eda hermosas joyas que el fantasma hab\u00eda dejado a la familia.<\/p>\n<\/div>\n<\/div>\n<\/div>\n<\/div>\n","protected":false},"featured_media":1393,"comment_status":"closed","ping_status":"closed","template":"","meta":{"_acf_changed":false},"product_brand":[],"product_cat":[99],"product_tag":[],"autor":[25],"class_list":{"0":"post-123","1":"product","2":"type-product","3":"status-publish","4":"has-post-thumbnail","6":"product_cat-ficcion-gotica","7":"autor-oscar-wilde","9":"first","10":"instock","11":"shipping-taxable","12":"purchasable","13":"product-type-simple"},"acf":[],"_links":{"self":[{"href":"https:\/\/new.comcosur.com\/index.php?rest_route=\/wp\/v2\/product\/123","targetHints":{"allow":["GET"]}}],"collection":[{"href":"https:\/\/new.comcosur.com\/index.php?rest_route=\/wp\/v2\/product"}],"about":[{"href":"https:\/\/new.comcosur.com\/index.php?rest_route=\/wp\/v2\/types\/product"}],"replies":[{"embeddable":true,"href":"https:\/\/new.comcosur.com\/index.php?rest_route=%2Fwp%2Fv2%2Fcomments&post=123"}],"wp:featuredmedia":[{"embeddable":true,"href":"https:\/\/new.comcosur.com\/index.php?rest_route=\/wp\/v2\/media\/1393"}],"wp:attachment":[{"href":"https:\/\/new.comcosur.com\/index.php?rest_route=%2Fwp%2Fv2%2Fmedia&parent=123"}],"wp:term":[{"taxonomy":"product_brand","embeddable":true,"href":"https:\/\/new.comcosur.com\/index.php?rest_route=%2Fwp%2Fv2%2Fproduct_brand&post=123"},{"taxonomy":"product_cat","embeddable":true,"href":"https:\/\/new.comcosur.com\/index.php?rest_route=%2Fwp%2Fv2%2Fproduct_cat&post=123"},{"taxonomy":"product_tag","embeddable":true,"href":"https:\/\/new.comcosur.com\/index.php?rest_route=%2Fwp%2Fv2%2Fproduct_tag&post=123"},{"taxonomy":"autor","embeddable":true,"href":"https:\/\/new.comcosur.com\/index.php?rest_route=%2Fwp%2Fv2%2Fautor&post=123"}],"curies":[{"name":"wp","href":"https:\/\/api.w.org\/{rel}","templated":true}]}}