{"id":1210,"date":"2023-01-28T10:53:04","date_gmt":"2023-01-28T15:53:04","guid":{"rendered":"https:\/\/new.comcosur.com\/?post_type=product&#038;p=1210"},"modified":"2025-01-15T11:32:56","modified_gmt":"2025-01-15T16:32:56","slug":"antologia-de-los-mejores-cuentos-de-terror","status":"publish","type":"product","link":"https:\/\/new.comcosur.com\/?product=antologia-de-los-mejores-cuentos-de-terror","title":{"rendered":"Antolog\u00eda de los mejores cuentos de terror"},"content":{"rendered":"","protected":false},"excerpt":{"rendered":"<p>\u2b50\u2b50\u2b50\u2b50\u2b50<\/p>\n<p><em>Antolog\u00eda de los mejores cuentos de terror<\/em> es una selecci\u00f3n \u00fanica que re\u00fane los mejores relatos de los m\u00e1s destacados escritores del g\u00e9nero de terror. Edgar Allan Poe, H. P. Lovecraft, Ant\u00f3n Ch\u00e9jov y Bram Stoker son algunos de los escritores de renombre que forman parte de esta colecci\u00f3n.<\/p>\n<p>La antolog\u00eda est\u00e1 compuesta por 22 relatos, cada uno pensado para emocionar y sorprender a los amantes de los cuentos de miedo. Fantasmas, vampiros, monstruos, criaturas horrendas, psic\u00f3patas asesinos, encantamientos, posesiones y sangre son elementos esenciales de este g\u00e9nero que, sin duda, est\u00e1n presentes en el libro.<\/p>\n<p>Todas las historias de esta antolog\u00eda son escalofriantes y cuentan con impactantes ilustraciones, como las de Harry Clarke, uno de los ilustradores m\u00e1s reconocidos de las obras de Poe. <em>Antolog\u00eda de los mejores cuentos de terror<\/em> cuenta con un dise\u00f1o \u00fanico y exclusivo, lo que lo convierte en un libro ideal para coleccionar, regalar y revivir los grandes cl\u00e1sicos de la literatura universal.<\/p>\n","protected":false},"featured_media":1684,"comment_status":"closed","ping_status":"closed","template":"","meta":{"_acf_changed":false},"product_brand":[],"product_cat":[15,99,100,126,101,134,146],"product_tag":[],"autor":[66,151,167,30,150,29,152,37,149],"class_list":{"0":"post-1210","1":"product","2":"type-product","3":"status-publish","4":"has-post-thumbnail","6":"product_cat-literatura","7":"product_cat-ficcion-gotica","8":"product_cat-horror","9":"product_cat-literatura-juvenil","10":"product_cat-misterio","11":"product_cat-narracion","12":"product_cat-terror","13":"autor-edgar-allan-poe","14":"autor-anton-chejov","15":"autor-bram-stoker","16":"autor-charles-dickens","17":"autor-guy-de-maupassant","18":"autor-howard-phillips-lovecraft","19":"autor-nathaniel-hawthorne","20":"autor-robert-louis-stevenson","21":"autor-washington-irving","23":"first","24":"instock","25":"shipping-taxable","26":"purchasable","27":"product-type-simple"},"acf":[],"_links":{"self":[{"href":"https:\/\/new.comcosur.com\/index.php?rest_route=\/wp\/v2\/product\/1210","targetHints":{"allow":["GET"]}}],"collection":[{"href":"https:\/\/new.comcosur.com\/index.php?rest_route=\/wp\/v2\/product"}],"about":[{"href":"https:\/\/new.comcosur.com\/index.php?rest_route=\/wp\/v2\/types\/product"}],"replies":[{"embeddable":true,"href":"https:\/\/new.comcosur.com\/index.php?rest_route=%2Fwp%2Fv2%2Fcomments&post=1210"}],"wp:featuredmedia":[{"embeddable":true,"href":"https:\/\/new.comcosur.com\/index.php?rest_route=\/wp\/v2\/media\/1684"}],"wp:attachment":[{"href":"https:\/\/new.comcosur.com\/index.php?rest_route=%2Fwp%2Fv2%2Fmedia&parent=1210"}],"wp:term":[{"taxonomy":"product_brand","embeddable":true,"href":"https:\/\/new.comcosur.com\/index.php?rest_route=%2Fwp%2Fv2%2Fproduct_brand&post=1210"},{"taxonomy":"product_cat","embeddable":true,"href":"https:\/\/new.comcosur.com\/index.php?rest_route=%2Fwp%2Fv2%2Fproduct_cat&post=1210"},{"taxonomy":"product_tag","embeddable":true,"href":"https:\/\/new.comcosur.com\/index.php?rest_route=%2Fwp%2Fv2%2Fproduct_tag&post=1210"},{"taxonomy":"autor","embeddable":true,"href":"https:\/\/new.comcosur.com\/index.php?rest_route=%2Fwp%2Fv2%2Fautor&post=1210"}],"curies":[{"name":"wp","href":"https:\/\/api.w.org\/{rel}","templated":true}]}}