{"id":121,"date":"2022-05-15T21:54:19","date_gmt":"2022-05-16T02:54:19","guid":{"rendered":"https:\/\/new.comcosur.com\/?post_type=product&#038;p=121"},"modified":"2025-01-15T12:56:29","modified_gmt":"2025-01-15T17:56:29","slug":"el-extranjero","status":"publish","type":"product","link":"https:\/\/new.comcosur.com\/?product=el-extranjero","title":{"rendered":"El Extranjero"},"content":{"rendered":"","protected":false},"excerpt":{"rendered":"<p>La primera novela de Albert Camus, <em>El extranjero<\/em>, publicada en 1942, posee, entre varias particularidades, la de ser la m\u00e1s ampliamente difundida de las obras del escritor franc\u00e9s. Expresa una peculiaridad hipn\u00f3tica que, aunada al ritmo y la brevedad de la narraci\u00f3n, logra convertirla en uno de esos escasos libros que se leen de un solo tir\u00f3n. Desde el primer p\u00e1rrafo, Camus nos sumerge en el terreno del absurdo; sin embargo, nos resulta siniestramente familiar, pues ese absurdo es un fiel reflejo de la existencia del hombre moderno, en la que lo cotidiano y lo extraordinario, lo predecible y lo inexplicable se alternan de manera aleatoria o simplemente ocurren, como todas las circunstancias ca\u00f3ticas de la vida.<\/p>\n","protected":false},"featured_media":428,"comment_status":"closed","ping_status":"closed","template":"","meta":{"_acf_changed":false},"product_brand":[],"product_cat":[109],"product_tag":[],"autor":[36],"class_list":{"0":"post-121","1":"product","2":"type-product","3":"status-publish","4":"has-post-thumbnail","6":"product_cat-filosofia","7":"autor-albert-camus","9":"first","10":"instock","11":"shipping-taxable","12":"purchasable","13":"product-type-simple"},"acf":[],"_links":{"self":[{"href":"https:\/\/new.comcosur.com\/index.php?rest_route=\/wp\/v2\/product\/121","targetHints":{"allow":["GET"]}}],"collection":[{"href":"https:\/\/new.comcosur.com\/index.php?rest_route=\/wp\/v2\/product"}],"about":[{"href":"https:\/\/new.comcosur.com\/index.php?rest_route=\/wp\/v2\/types\/product"}],"replies":[{"embeddable":true,"href":"https:\/\/new.comcosur.com\/index.php?rest_route=%2Fwp%2Fv2%2Fcomments&post=121"}],"wp:featuredmedia":[{"embeddable":true,"href":"https:\/\/new.comcosur.com\/index.php?rest_route=\/wp\/v2\/media\/428"}],"wp:attachment":[{"href":"https:\/\/new.comcosur.com\/index.php?rest_route=%2Fwp%2Fv2%2Fmedia&parent=121"}],"wp:term":[{"taxonomy":"product_brand","embeddable":true,"href":"https:\/\/new.comcosur.com\/index.php?rest_route=%2Fwp%2Fv2%2Fproduct_brand&post=121"},{"taxonomy":"product_cat","embeddable":true,"href":"https:\/\/new.comcosur.com\/index.php?rest_route=%2Fwp%2Fv2%2Fproduct_cat&post=121"},{"taxonomy":"product_tag","embeddable":true,"href":"https:\/\/new.comcosur.com\/index.php?rest_route=%2Fwp%2Fv2%2Fproduct_tag&post=121"},{"taxonomy":"autor","embeddable":true,"href":"https:\/\/new.comcosur.com\/index.php?rest_route=%2Fwp%2Fv2%2Fautor&post=121"}],"curies":[{"name":"wp","href":"https:\/\/api.w.org\/{rel}","templated":true}]}}