{"id":1200,"date":"2023-01-28T10:19:50","date_gmt":"2023-01-28T15:19:50","guid":{"rendered":"https:\/\/new.comcosur.com\/?post_type=product&#038;p=1200"},"modified":"2025-01-15T16:48:11","modified_gmt":"2025-01-15T21:48:11","slug":"las-aventuras-de-pinocho","status":"publish","type":"product","link":"https:\/\/new.comcosur.com\/?product=las-aventuras-de-pinocho","title":{"rendered":"Las aventuras de Pinocho"},"content":{"rendered":"","protected":false},"excerpt":{"rendered":"<p><em>Las aventuras de Pinocho<\/em> es una de las obras m\u00e1s le\u00eddas de la literatura universal. <em>Pinocho<\/em> transmite un claro mensaje moral y aborda un tema universal: el del aprendizaje y la personalidad que se forja a trav\u00e9s de sucesivas experiencias. Collodi hace una alegor\u00eda a la formaci\u00f3n de las personas basada en el honor, la verdad y la virtud. Lo que hab\u00eda sido un tronco de madera y luego una marioneta, se convirti\u00f3 finalmente en una persona real, tras superar las adversidades que se le presentaron. Pinocho es un ni\u00f1o de palo, que trata de comprender el mundo que le rodea. Desde que fue creado, va atravesando diferentes pruebas, en las que tiene que decidir entre lo correcto y lo incorrecto. Es mediante el amor, la generosidad, la travesura y la rebeld\u00eda, las elecciones que determinar\u00e1n su camino. Pinocho vivir\u00e1 sus aventuras en los campos y ciudades, bajo el mar entre los peces, trabajando para un circo o convertido en burro, hasta buscar la magia que lo convierta en un ni\u00f1o de verdad.<\/p>\n","protected":false},"featured_media":1685,"comment_status":"closed","ping_status":"closed","template":"","meta":{"_acf_changed":false},"product_brand":[],"product_cat":[15,126],"product_tag":[],"autor":[148],"class_list":{"0":"post-1200","1":"product","2":"type-product","3":"status-publish","4":"has-post-thumbnail","6":"product_cat-literatura","7":"product_cat-literatura-juvenil","8":"autor-carlo-collodi","10":"first","11":"instock","12":"shipping-taxable","13":"purchasable","14":"product-type-simple"},"acf":[],"_links":{"self":[{"href":"https:\/\/new.comcosur.com\/index.php?rest_route=\/wp\/v2\/product\/1200","targetHints":{"allow":["GET"]}}],"collection":[{"href":"https:\/\/new.comcosur.com\/index.php?rest_route=\/wp\/v2\/product"}],"about":[{"href":"https:\/\/new.comcosur.com\/index.php?rest_route=\/wp\/v2\/types\/product"}],"replies":[{"embeddable":true,"href":"https:\/\/new.comcosur.com\/index.php?rest_route=%2Fwp%2Fv2%2Fcomments&post=1200"}],"wp:featuredmedia":[{"embeddable":true,"href":"https:\/\/new.comcosur.com\/index.php?rest_route=\/wp\/v2\/media\/1685"}],"wp:attachment":[{"href":"https:\/\/new.comcosur.com\/index.php?rest_route=%2Fwp%2Fv2%2Fmedia&parent=1200"}],"wp:term":[{"taxonomy":"product_brand","embeddable":true,"href":"https:\/\/new.comcosur.com\/index.php?rest_route=%2Fwp%2Fv2%2Fproduct_brand&post=1200"},{"taxonomy":"product_cat","embeddable":true,"href":"https:\/\/new.comcosur.com\/index.php?rest_route=%2Fwp%2Fv2%2Fproduct_cat&post=1200"},{"taxonomy":"product_tag","embeddable":true,"href":"https:\/\/new.comcosur.com\/index.php?rest_route=%2Fwp%2Fv2%2Fproduct_tag&post=1200"},{"taxonomy":"autor","embeddable":true,"href":"https:\/\/new.comcosur.com\/index.php?rest_route=%2Fwp%2Fv2%2Fautor&post=1200"}],"curies":[{"name":"wp","href":"https:\/\/api.w.org\/{rel}","templated":true}]}}