{"id":119,"date":"2022-05-15T21:54:18","date_gmt":"2022-05-16T02:54:18","guid":{"rendered":"https:\/\/new.comcosur.com\/?post_type=product&#038;p=119"},"modified":"2025-01-15T11:59:28","modified_gmt":"2025-01-15T16:59:28","slug":"contrato-social","status":"publish","type":"product","link":"https:\/\/new.comcosur.com\/?product=contrato-social","title":{"rendered":"Contrato Social"},"content":{"rendered":"","protected":false},"excerpt":{"rendered":"<div class=\"flex max-w-full flex-col flex-grow\">\n<div class=\"min-h-8 text-message flex w-full flex-col items-end gap-2 whitespace-normal break-words text-start [.text-message+&amp;]:mt-5\" dir=\"auto\" data-message-author-role=\"assistant\" data-message-id=\"e78e84e5-45b5-4503-aa99-22b01061f6ae\" data-message-model-slug=\"gpt-4o-mini\">\n<div class=\"flex w-full flex-col gap-1 empty:hidden first:pt-[3px]\">\n<div class=\"markdown prose w-full break-words dark:prose-invert light\">\n<p>La obra de Jean-Jacques, o Juan Jacobo, Rousseau presenta puntos divergentes, como su concepto del progreso, y en general m\u00e1s avanzados. Su pensamiento pol\u00edtico y social, basado en la idea de la natural bondad del hombre, lo impuls\u00f3 a criticar en repetidas ocasiones la desnaturalizaci\u00f3n, la injusticia y la opresi\u00f3n de la sociedad contempor\u00e1nea. Tales ideas preludiaron la Revoluci\u00f3n Francesa. Su sensibilidad literaria se anticip\u00f3 al romanticismo, y <em>El contrato social<\/em> y <em>Emilio, o de la educaci\u00f3n<\/em> son, entre sus obras, las de mayor contenido pedag\u00f3gico, pues propugnan en ellas un sistema pol\u00edtico, educativo, moral y religioso. Por los nuevos y fecundos conceptos que introdujo en el campo de la educaci\u00f3n, Rousseau es considerado el padre de la pedagog\u00eda moderna.<\/p>\n<\/div>\n<\/div>\n<\/div>\n<\/div>\n","protected":false},"featured_media":425,"comment_status":"closed","ping_status":"closed","template":"","meta":{"_acf_changed":false},"product_brand":[],"product_cat":[107,108],"product_tag":[],"autor":[34],"class_list":{"0":"post-119","1":"product","2":"type-product","3":"status-publish","4":"has-post-thumbnail","6":"product_cat-etica-y-civismo","7":"product_cat-filosofia-politica","8":"autor-jean-rousseau","10":"first","11":"instock","12":"shipping-taxable","13":"purchasable","14":"product-type-simple"},"acf":[],"_links":{"self":[{"href":"https:\/\/new.comcosur.com\/index.php?rest_route=\/wp\/v2\/product\/119","targetHints":{"allow":["GET"]}}],"collection":[{"href":"https:\/\/new.comcosur.com\/index.php?rest_route=\/wp\/v2\/product"}],"about":[{"href":"https:\/\/new.comcosur.com\/index.php?rest_route=\/wp\/v2\/types\/product"}],"replies":[{"embeddable":true,"href":"https:\/\/new.comcosur.com\/index.php?rest_route=%2Fwp%2Fv2%2Fcomments&post=119"}],"wp:featuredmedia":[{"embeddable":true,"href":"https:\/\/new.comcosur.com\/index.php?rest_route=\/wp\/v2\/media\/425"}],"wp:attachment":[{"href":"https:\/\/new.comcosur.com\/index.php?rest_route=%2Fwp%2Fv2%2Fmedia&parent=119"}],"wp:term":[{"taxonomy":"product_brand","embeddable":true,"href":"https:\/\/new.comcosur.com\/index.php?rest_route=%2Fwp%2Fv2%2Fproduct_brand&post=119"},{"taxonomy":"product_cat","embeddable":true,"href":"https:\/\/new.comcosur.com\/index.php?rest_route=%2Fwp%2Fv2%2Fproduct_cat&post=119"},{"taxonomy":"product_tag","embeddable":true,"href":"https:\/\/new.comcosur.com\/index.php?rest_route=%2Fwp%2Fv2%2Fproduct_tag&post=119"},{"taxonomy":"autor","embeddable":true,"href":"https:\/\/new.comcosur.com\/index.php?rest_route=%2Fwp%2Fv2%2Fautor&post=119"}],"curies":[{"name":"wp","href":"https:\/\/api.w.org\/{rel}","templated":true}]}}