{"id":117,"date":"2022-05-15T21:54:18","date_gmt":"2022-05-16T02:54:18","guid":{"rendered":"https:\/\/new.comcosur.com\/?post_type=product&#038;p=117"},"modified":"2025-01-15T12:32:28","modified_gmt":"2025-01-15T17:32:28","slug":"el-anticristo","status":"publish","type":"product","link":"https:\/\/new.comcosur.com\/?product=el-anticristo","title":{"rendered":"El Anticristo"},"content":{"rendered":"","protected":false},"excerpt":{"rendered":"<div class=\"flex max-w-full flex-col flex-grow\">\n<div class=\"min-h-8 text-message flex w-full flex-col items-end gap-2 whitespace-normal break-words text-start [.text-message+&amp;]:mt-5\" dir=\"auto\" data-message-author-role=\"assistant\" data-message-id=\"ffbbaf2b-e3af-40f1-a40c-86d978ce025e\" data-message-model-slug=\"gpt-4o-mini\">\n<div class=\"flex w-full flex-col gap-1 empty:hidden first:pt-[3px]\">\n<div class=\"markdown prose w-full break-words dark:prose-invert light\">\n<p>\u00c9l llama como primer farsante a S\u00f3crates, porque su l\u00edrica enredada y su may\u00e9utica no apoyaban, en cierta medida, el alcance del conocimiento y, en menor medida, el apoyo a otros fil\u00f3sofos que pudieran sobresalir, como Di\u00f3genes. El segundo de los que Nietzsche llama farsantes es Kant, y esta vez no solo critica el esp\u00edritu \u00abcristiano\u00bb que \u00e9ste pose\u00eda, sino que despotrica sobre la inutilidad del conocimiento y de los planteamientos que el mismo Kant hac\u00eda. Por ejemplo, tenemos la \u00abcosa en s\u00ed\u00bb y la \u00abcosa para s\u00ed\u00bb. Nietzsche las discute como superfluas y como un aislamiento del ser humano con el conocimiento, pero sin tomar las riendas radicales del mismo, ya que el hecho de no conocer totalmente una cosa no la separa completamente de querer superarla con un planteamiento como el de lo inalcanzable, sin dejar espacio a la reflexi\u00f3n.<\/p>\n<\/div>\n<\/div>\n<\/div>\n<\/div>\n","protected":false},"featured_media":423,"comment_status":"closed","ping_status":"closed","template":"","meta":{"_acf_changed":false},"product_brand":[],"product_cat":[105],"product_tag":[],"autor":[32],"class_list":{"0":"post-117","1":"product","2":"type-product","3":"status-publish","4":"has-post-thumbnail","6":"product_cat-obra-de-referencia","7":"autor-friedrich-nietzsche","9":"first","10":"instock","11":"shipping-taxable","12":"purchasable","13":"product-type-simple"},"acf":[],"_links":{"self":[{"href":"https:\/\/new.comcosur.com\/index.php?rest_route=\/wp\/v2\/product\/117","targetHints":{"allow":["GET"]}}],"collection":[{"href":"https:\/\/new.comcosur.com\/index.php?rest_route=\/wp\/v2\/product"}],"about":[{"href":"https:\/\/new.comcosur.com\/index.php?rest_route=\/wp\/v2\/types\/product"}],"replies":[{"embeddable":true,"href":"https:\/\/new.comcosur.com\/index.php?rest_route=%2Fwp%2Fv2%2Fcomments&post=117"}],"wp:featuredmedia":[{"embeddable":true,"href":"https:\/\/new.comcosur.com\/index.php?rest_route=\/wp\/v2\/media\/423"}],"wp:attachment":[{"href":"https:\/\/new.comcosur.com\/index.php?rest_route=%2Fwp%2Fv2%2Fmedia&parent=117"}],"wp:term":[{"taxonomy":"product_brand","embeddable":true,"href":"https:\/\/new.comcosur.com\/index.php?rest_route=%2Fwp%2Fv2%2Fproduct_brand&post=117"},{"taxonomy":"product_cat","embeddable":true,"href":"https:\/\/new.comcosur.com\/index.php?rest_route=%2Fwp%2Fv2%2Fproduct_cat&post=117"},{"taxonomy":"product_tag","embeddable":true,"href":"https:\/\/new.comcosur.com\/index.php?rest_route=%2Fwp%2Fv2%2Fproduct_tag&post=117"},{"taxonomy":"autor","embeddable":true,"href":"https:\/\/new.comcosur.com\/index.php?rest_route=%2Fwp%2Fv2%2Fautor&post=117"}],"curies":[{"name":"wp","href":"https:\/\/api.w.org\/{rel}","templated":true}]}}