{"id":1168,"date":"2022-12-15T10:44:10","date_gmt":"2022-12-15T15:44:10","guid":{"rendered":"https:\/\/new.comcosur.com\/?post_type=product&#038;p=1168"},"modified":"2025-01-15T16:13:00","modified_gmt":"2025-01-15T21:13:00","slug":"la-ciencia-de-hacerse-rico","status":"publish","type":"product","link":"https:\/\/new.comcosur.com\/?product=la-ciencia-de-hacerse-rico","title":{"rendered":"La ciencia de hacerse rico"},"content":{"rendered":"","protected":false},"excerpt":{"rendered":"<p>\u2b50\u2b50\u2b50\u2b50\u2b50<\/p>\n<p><em>La ciencia de hacerse rico<\/em> es un libro escrito por Wallace Delois Wattles, autor del Nuevo Pensamiento, publicado en 1910 por Elizabeth Towne. Fue la principal motivaci\u00f3n para la pel\u00edcula y el libro <em>El Secreto<\/em> de Rhonda Byrne. Consta de un prefacio y 17 breves cap\u00edtulos que explican c\u00f3mo sobreponerse a todo tipo de condicionamientos (mentales, sociales, de salud, etc.) para, a trav\u00e9s de la creaci\u00f3n y no de la competencia, alcanzar y atraer riquezas.<\/p>\n","protected":false},"featured_media":1169,"comment_status":"closed","ping_status":"closed","template":"","meta":{"_acf_changed":false},"product_brand":[],"product_cat":[112],"product_tag":[],"autor":[147],"class_list":{"0":"post-1168","1":"product","2":"type-product","3":"status-publish","4":"has-post-thumbnail","6":"product_cat-autoayuda","7":"autor-wallace-d-wattles","9":"first","10":"instock","11":"shipping-taxable","12":"purchasable","13":"product-type-simple"},"acf":[],"_links":{"self":[{"href":"https:\/\/new.comcosur.com\/index.php?rest_route=\/wp\/v2\/product\/1168","targetHints":{"allow":["GET"]}}],"collection":[{"href":"https:\/\/new.comcosur.com\/index.php?rest_route=\/wp\/v2\/product"}],"about":[{"href":"https:\/\/new.comcosur.com\/index.php?rest_route=\/wp\/v2\/types\/product"}],"replies":[{"embeddable":true,"href":"https:\/\/new.comcosur.com\/index.php?rest_route=%2Fwp%2Fv2%2Fcomments&post=1168"}],"wp:featuredmedia":[{"embeddable":true,"href":"https:\/\/new.comcosur.com\/index.php?rest_route=\/wp\/v2\/media\/1169"}],"wp:attachment":[{"href":"https:\/\/new.comcosur.com\/index.php?rest_route=%2Fwp%2Fv2%2Fmedia&parent=1168"}],"wp:term":[{"taxonomy":"product_brand","embeddable":true,"href":"https:\/\/new.comcosur.com\/index.php?rest_route=%2Fwp%2Fv2%2Fproduct_brand&post=1168"},{"taxonomy":"product_cat","embeddable":true,"href":"https:\/\/new.comcosur.com\/index.php?rest_route=%2Fwp%2Fv2%2Fproduct_cat&post=1168"},{"taxonomy":"product_tag","embeddable":true,"href":"https:\/\/new.comcosur.com\/index.php?rest_route=%2Fwp%2Fv2%2Fproduct_tag&post=1168"},{"taxonomy":"autor","embeddable":true,"href":"https:\/\/new.comcosur.com\/index.php?rest_route=%2Fwp%2Fv2%2Fautor&post=1168"}],"curies":[{"name":"wp","href":"https:\/\/api.w.org\/{rel}","templated":true}]}}