{"id":116,"date":"2022-05-15T21:54:18","date_gmt":"2022-05-16T02:54:18","guid":{"rendered":"https:\/\/new.comcosur.com\/?post_type=product&#038;p=116"},"modified":"2025-01-15T12:25:01","modified_gmt":"2025-01-15T17:25:01","slug":"demian","status":"publish","type":"product","link":"https:\/\/new.comcosur.com\/?product=demian","title":{"rendered":"Demian"},"content":{"rendered":"","protected":false},"excerpt":{"rendered":"<div class=\"container\">\n<div class=\"row mb--60\">\n<div class=\"col-lg-7 mt--30 mt-lg--30\">\n<div class=\"product-details-info pl-lg--30 \">\n<article>La vida de todo hombre es un camino hacia s\u00ed mismo, la tentativa de un camino, la huella de un sendero. Ning\u00fan hombre ha sido por completo \u00e9l mismo; pero todos aspiran a llegar a serlo, oscuramente unos, m\u00e1s claramente otros, cada uno como puede.Es una novela que relata en primera persona el paso de la ni\u00f1ez a la madurez de este personaje, del escritor alem\u00e1n Hermann Hesse. La obra fue publicada por primera vez en 1919, en los tiempos que siguieron a la Gran Guerra. Emil Sinclair es un ni\u00f1o que ha pasado toda su vida en lo que \u00e9l llama el <em>Scheinwelt<\/em> (mundo de ensue\u00f1o o mundo de la luz), pero una mentira lo lleva a ampliar sus visiones del mundo y a conocer a un personaje enigm\u00e1tico de nombre Max Demian, quien lo llevar\u00e1 por los senderos del autorrazonamiento, destruyendo paradigmas materialistas que antes lo rodeaban.<\/p>\n<\/article>\n<\/div>\n<\/div>\n<\/div>\n<\/div>\n","protected":false},"featured_media":418,"comment_status":"closed","ping_status":"closed","template":"","meta":{"_acf_changed":false},"product_brand":[],"product_cat":[96,104],"product_tag":[],"autor":[31],"class_list":{"0":"post-116","1":"product","2":"type-product","3":"status-publish","4":"has-post-thumbnail","6":"product_cat-ficcion","7":"product_cat-novela","8":"autor-herman-hesse","10":"first","11":"instock","12":"shipping-taxable","13":"purchasable","14":"product-type-simple"},"acf":[],"_links":{"self":[{"href":"https:\/\/new.comcosur.com\/index.php?rest_route=\/wp\/v2\/product\/116","targetHints":{"allow":["GET"]}}],"collection":[{"href":"https:\/\/new.comcosur.com\/index.php?rest_route=\/wp\/v2\/product"}],"about":[{"href":"https:\/\/new.comcosur.com\/index.php?rest_route=\/wp\/v2\/types\/product"}],"replies":[{"embeddable":true,"href":"https:\/\/new.comcosur.com\/index.php?rest_route=%2Fwp%2Fv2%2Fcomments&post=116"}],"wp:featuredmedia":[{"embeddable":true,"href":"https:\/\/new.comcosur.com\/index.php?rest_route=\/wp\/v2\/media\/418"}],"wp:attachment":[{"href":"https:\/\/new.comcosur.com\/index.php?rest_route=%2Fwp%2Fv2%2Fmedia&parent=116"}],"wp:term":[{"taxonomy":"product_brand","embeddable":true,"href":"https:\/\/new.comcosur.com\/index.php?rest_route=%2Fwp%2Fv2%2Fproduct_brand&post=116"},{"taxonomy":"product_cat","embeddable":true,"href":"https:\/\/new.comcosur.com\/index.php?rest_route=%2Fwp%2Fv2%2Fproduct_cat&post=116"},{"taxonomy":"product_tag","embeddable":true,"href":"https:\/\/new.comcosur.com\/index.php?rest_route=%2Fwp%2Fv2%2Fproduct_tag&post=116"},{"taxonomy":"autor","embeddable":true,"href":"https:\/\/new.comcosur.com\/index.php?rest_route=%2Fwp%2Fv2%2Fautor&post=116"}],"curies":[{"name":"wp","href":"https:\/\/api.w.org\/{rel}","templated":true}]}}