{"id":1111,"date":"2022-10-25T13:44:18","date_gmt":"2022-10-25T18:44:18","guid":{"rendered":"https:\/\/new.comcosur.com\/?post_type=product&#038;p=1111"},"modified":"2025-01-15T11:45:13","modified_gmt":"2025-01-15T16:45:13","slug":"arsenio-lupin-la-aguja-hueca","status":"publish","type":"product","link":"https:\/\/new.comcosur.com\/?product=arsenio-lupin-la-aguja-hueca","title":{"rendered":"Arsenio Lupin La aguja hueca"},"content":{"rendered":"","protected":false},"excerpt":{"rendered":"<p>Arsenio Lupin es el ladr\u00f3n de guante blanco m\u00e1s popular, carism\u00e1tico e inolvidable. Ya es una leyenda\u2026 Arsenio Lupin es experto en derecho y medicina, capacitado en artes marciales, adem\u00e1s de ser experto en trucos de magia y un aut\u00e9ntico seductor. Lupin es un h\u00e9roe de los bajos fondos a quien nadie supera en astucia y sagacidad.<\/p>\n<p>Desde los tiempos del emperador Julio C\u00e9sar hasta el rey Luis XVI y la reina Mar\u00eda Antonieta, el misterio de la aguja hueca ha sido el secreto mejor guardado de toda Francia. Cuenta la leyenda que la aguja hueca esconde la fortuna de los reyes galos, un tesoro fabuloso e incalculable. Muchos intentaron descifrar el secreto, sin embargo, nadie lo hab\u00eda logrado, hasta que apareci\u00f3 Arsenio Lupin, quien, al resolver este misterio, se encuentra con un rival digno: Isidore Beautrelet, un joven detective amateur que no se rendir\u00e1 hasta desbaratar los planes, las audaces habilidades y sutilezas de enga\u00f1os de Lupin.<\/p>\n","protected":false},"featured_media":1098,"comment_status":"closed","ping_status":"closed","template":"","meta":{"_acf_changed":false},"product_brand":[],"product_cat":[130,96,103,15,126,101,104,97],"product_tag":[],"autor":[138],"class_list":{"0":"post-1111","1":"product","2":"type-product","3":"status-publish","4":"has-post-thumbnail","6":"product_cat-drama-misterio-novela","7":"product_cat-ficcion","8":"product_cat-ficcion-de-aventuras","9":"product_cat-literatura","10":"product_cat-literatura-juvenil","11":"product_cat-misterio","12":"product_cat-novela","13":"product_cat-novela-de-aventuras","14":"autor-maurice-leblanc","16":"first","17":"instock","18":"shipping-taxable","19":"purchasable","20":"product-type-simple"},"acf":[],"_links":{"self":[{"href":"https:\/\/new.comcosur.com\/index.php?rest_route=\/wp\/v2\/product\/1111","targetHints":{"allow":["GET"]}}],"collection":[{"href":"https:\/\/new.comcosur.com\/index.php?rest_route=\/wp\/v2\/product"}],"about":[{"href":"https:\/\/new.comcosur.com\/index.php?rest_route=\/wp\/v2\/types\/product"}],"replies":[{"embeddable":true,"href":"https:\/\/new.comcosur.com\/index.php?rest_route=%2Fwp%2Fv2%2Fcomments&post=1111"}],"wp:featuredmedia":[{"embeddable":true,"href":"https:\/\/new.comcosur.com\/index.php?rest_route=\/wp\/v2\/media\/1098"}],"wp:attachment":[{"href":"https:\/\/new.comcosur.com\/index.php?rest_route=%2Fwp%2Fv2%2Fmedia&parent=1111"}],"wp:term":[{"taxonomy":"product_brand","embeddable":true,"href":"https:\/\/new.comcosur.com\/index.php?rest_route=%2Fwp%2Fv2%2Fproduct_brand&post=1111"},{"taxonomy":"product_cat","embeddable":true,"href":"https:\/\/new.comcosur.com\/index.php?rest_route=%2Fwp%2Fv2%2Fproduct_cat&post=1111"},{"taxonomy":"product_tag","embeddable":true,"href":"https:\/\/new.comcosur.com\/index.php?rest_route=%2Fwp%2Fv2%2Fproduct_tag&post=1111"},{"taxonomy":"autor","embeddable":true,"href":"https:\/\/new.comcosur.com\/index.php?rest_route=%2Fwp%2Fv2%2Fautor&post=1111"}],"curies":[{"name":"wp","href":"https:\/\/api.w.org\/{rel}","templated":true}]}}