{"id":111,"date":"2022-05-15T21:54:17","date_gmt":"2022-05-16T02:54:17","guid":{"rendered":"https:\/\/new.comcosur.com\/?post_type=product&#038;p=111"},"modified":"2025-01-15T12:33:17","modified_gmt":"2025-01-15T17:33:17","slug":"el-arte-de-la-guerra","status":"publish","type":"product","link":"https:\/\/new.comcosur.com\/?product=el-arte-de-la-guerra","title":{"rendered":"El Arte de la Guerra"},"content":{"rendered":"","protected":false},"excerpt":{"rendered":"<div class=\"flex max-w-full flex-col flex-grow\">\n<div class=\"min-h-8 text-message flex w-full flex-col items-end gap-2 whitespace-normal break-words text-start [.text-message+&amp;]:mt-5\" dir=\"auto\" data-message-author-role=\"assistant\" data-message-id=\"a88fa7b5-65a2-4f7d-9624-573142ed7410\" data-message-model-slug=\"gpt-4o-mini\">\n<div class=\"flex w-full flex-col gap-1 empty:hidden first:pt-[3px]\">\n<div class=\"markdown prose w-full break-words dark:prose-invert light\">\n<p>El que llega primero al campo de batalla espera la llegada del enemigo fresco para combatir. Quien llega tarde al campo de batalla tiene que apresurarse y arriba exhausto al combate. Un ej\u00e9rcito victorioso gana primero y entabla la batalla despu\u00e9s; un ej\u00e9rcito derrotado lucha primero e intenta obtener la victoria despu\u00e9s. Cuando las \u00f3rdenes son razonables, justas, sencillas, claras y consecuentes, existe una satisfacci\u00f3n rec\u00edproca entre el l\u00edder y el grupo. Un general sabio se ocupa de abastecerse del enemigo. Si utilizas al enemigo para derrotar al enemigo, ser\u00e1s poderoso en cualquier lugar al que vayas. Lo m\u00e1s importante en una operaci\u00f3n militar es la victoria y no la persistencia. Esta \u00faltima no es beneficiosa. Un ej\u00e9rcito es como el fuego: si no lo apagas, se consumir\u00e1 por s\u00ed mismo.<\/p>\n<\/div>\n<\/div>\n<\/div>\n<\/div>\n","protected":false},"featured_media":397,"comment_status":"closed","ping_status":"closed","template":"","meta":{"_acf_changed":false},"product_brand":[],"product_cat":[96],"product_tag":[],"autor":[28],"class_list":{"0":"post-111","1":"product","2":"type-product","3":"status-publish","4":"has-post-thumbnail","6":"product_cat-ficcion","7":"autor-sun-tzu","9":"first","10":"instock","11":"shipping-taxable","12":"purchasable","13":"product-type-simple"},"acf":[],"_links":{"self":[{"href":"https:\/\/new.comcosur.com\/index.php?rest_route=\/wp\/v2\/product\/111","targetHints":{"allow":["GET"]}}],"collection":[{"href":"https:\/\/new.comcosur.com\/index.php?rest_route=\/wp\/v2\/product"}],"about":[{"href":"https:\/\/new.comcosur.com\/index.php?rest_route=\/wp\/v2\/types\/product"}],"replies":[{"embeddable":true,"href":"https:\/\/new.comcosur.com\/index.php?rest_route=%2Fwp%2Fv2%2Fcomments&post=111"}],"wp:featuredmedia":[{"embeddable":true,"href":"https:\/\/new.comcosur.com\/index.php?rest_route=\/wp\/v2\/media\/397"}],"wp:attachment":[{"href":"https:\/\/new.comcosur.com\/index.php?rest_route=%2Fwp%2Fv2%2Fmedia&parent=111"}],"wp:term":[{"taxonomy":"product_brand","embeddable":true,"href":"https:\/\/new.comcosur.com\/index.php?rest_route=%2Fwp%2Fv2%2Fproduct_brand&post=111"},{"taxonomy":"product_cat","embeddable":true,"href":"https:\/\/new.comcosur.com\/index.php?rest_route=%2Fwp%2Fv2%2Fproduct_cat&post=111"},{"taxonomy":"product_tag","embeddable":true,"href":"https:\/\/new.comcosur.com\/index.php?rest_route=%2Fwp%2Fv2%2Fproduct_tag&post=111"},{"taxonomy":"autor","embeddable":true,"href":"https:\/\/new.comcosur.com\/index.php?rest_route=%2Fwp%2Fv2%2Fautor&post=111"}],"curies":[{"name":"wp","href":"https:\/\/api.w.org\/{rel}","templated":true}]}}