{"id":1109,"date":"2022-10-25T13:33:58","date_gmt":"2022-10-25T18:33:58","guid":{"rendered":"https:\/\/new.comcosur.com\/?post_type=product&#038;p=1109"},"modified":"2025-01-15T11:40:15","modified_gmt":"2025-01-15T16:40:15","slug":"arsenio-lupin-813","status":"publish","type":"product","link":"https:\/\/new.comcosur.com\/?product=arsenio-lupin-813","title":{"rendered":"Arsenio Lupin 813"},"content":{"rendered":"","protected":false},"excerpt":{"rendered":"<p>Esta obra es considerada por los grandes cr\u00edticos como la mejor novela de Maurice Leblanc. En esta nueva entrega de la saga, Lupin es falsamente acusado de lo que parece un perfecto crimen, que va m\u00e1s all\u00e1 de la pericia policial. La muerte de Kesselbach pone al descubierto una intriga y un misterioso paquete de cartas oculto en un castillo, y el \u00fanico modo que tendr\u00e1 de recuperar su inocencia y desentra\u00f1ar el misterio ser\u00e1 poni\u00e9ndose \u00e9l mismo al frente de la investigaci\u00f3n, pero con un costo demasiado alto: tres personas mueren por su causa.<\/p>\n<p>De nuevo, Arsenio Lupin, personaje inolvidable, una leyenda, experto en el derecho, la medicina y las artes marciales, adem\u00e1s de prestidigitador y aut\u00e9ntico seductor. Lupin es un h\u00e9roe de los bajos fondos a quien nadie supera en sagacidad. Tanta ha sido su popularidad que el personaje ha aparecido en numerosas secuelas escritas por otros autores, en pel\u00edculas, y en adaptaciones para televisi\u00f3n, teatro y c\u00f3mic.<\/p>\n","protected":false},"featured_media":1095,"comment_status":"closed","ping_status":"closed","template":"","meta":{"_acf_changed":false},"product_brand":[],"product_cat":[130,96,103,15,126,101,104,97],"product_tag":[],"autor":[138],"class_list":{"0":"post-1109","1":"product","2":"type-product","3":"status-publish","4":"has-post-thumbnail","6":"product_cat-drama-misterio-novela","7":"product_cat-ficcion","8":"product_cat-ficcion-de-aventuras","9":"product_cat-literatura","10":"product_cat-literatura-juvenil","11":"product_cat-misterio","12":"product_cat-novela","13":"product_cat-novela-de-aventuras","14":"autor-maurice-leblanc","16":"first","17":"instock","18":"shipping-taxable","19":"purchasable","20":"product-type-simple"},"acf":[],"_links":{"self":[{"href":"https:\/\/new.comcosur.com\/index.php?rest_route=\/wp\/v2\/product\/1109","targetHints":{"allow":["GET"]}}],"collection":[{"href":"https:\/\/new.comcosur.com\/index.php?rest_route=\/wp\/v2\/product"}],"about":[{"href":"https:\/\/new.comcosur.com\/index.php?rest_route=\/wp\/v2\/types\/product"}],"replies":[{"embeddable":true,"href":"https:\/\/new.comcosur.com\/index.php?rest_route=%2Fwp%2Fv2%2Fcomments&post=1109"}],"wp:featuredmedia":[{"embeddable":true,"href":"https:\/\/new.comcosur.com\/index.php?rest_route=\/wp\/v2\/media\/1095"}],"wp:attachment":[{"href":"https:\/\/new.comcosur.com\/index.php?rest_route=%2Fwp%2Fv2%2Fmedia&parent=1109"}],"wp:term":[{"taxonomy":"product_brand","embeddable":true,"href":"https:\/\/new.comcosur.com\/index.php?rest_route=%2Fwp%2Fv2%2Fproduct_brand&post=1109"},{"taxonomy":"product_cat","embeddable":true,"href":"https:\/\/new.comcosur.com\/index.php?rest_route=%2Fwp%2Fv2%2Fproduct_cat&post=1109"},{"taxonomy":"product_tag","embeddable":true,"href":"https:\/\/new.comcosur.com\/index.php?rest_route=%2Fwp%2Fv2%2Fproduct_tag&post=1109"},{"taxonomy":"autor","embeddable":true,"href":"https:\/\/new.comcosur.com\/index.php?rest_route=%2Fwp%2Fv2%2Fautor&post=1109"}],"curies":[{"name":"wp","href":"https:\/\/api.w.org\/{rel}","templated":true}]}}