{"id":110,"date":"2022-05-15T21:54:17","date_gmt":"2022-05-16T02:54:17","guid":{"rendered":"https:\/\/new.comcosur.com\/?post_type=product&#038;p=110"},"modified":"2025-01-15T12:27:26","modified_gmt":"2025-01-15T17:27:26","slug":"dracula","status":"publish","type":"product","link":"https:\/\/new.comcosur.com\/?product=dracula","title":{"rendered":"Dr\u00e1cula"},"content":{"rendered":"","protected":false},"excerpt":{"rendered":"<p>\u2b50\u2b50\u2b50\u2b50\u2b50<\/p>\n<div class=\"flex max-w-full flex-col flex-grow\">\n<div class=\"min-h-8 text-message flex w-full flex-col items-end gap-2 whitespace-normal break-words text-start [.text-message+&amp;]:mt-5\" dir=\"auto\" data-message-author-role=\"assistant\" data-message-id=\"12644ab4-fd28-4027-8910-c8af0f35242c\" data-message-model-slug=\"gpt-4o-mini\">\n<div class=\"flex w-full flex-col gap-1 empty:hidden first:pt-[3px]\">\n<div class=\"markdown prose w-full break-words dark:prose-invert light\">\n<p>Cuentan que en los primeros a\u00f1os de infancia de Bram Stoker, una desconocida enfermedad lo mantuvo en cama hasta la edad de siete a\u00f1os; durante este enclaustramiento, su madre le relataba cuentos de fantasmas e historias de misterio. Tales cuentos, propios del folclore irland\u00e9s, ser\u00edan determinantes para moldear m\u00e1s tarde su estilo como escritor. <em>Dr\u00e1cula<\/em> es la obra m\u00e1s famosa del g\u00e9nero g\u00f3tico. La leyenda del vampiro de Transilvania ya exist\u00eda en varias subculturas y ha inspirado muchas pel\u00edculas; sin embargo, nunca fue tan bien relatada como en el caso de <em>Dr\u00e1cula<\/em> de Stoker. La historia del famoso conde ha recibido innumerables premios y elogios a nivel mundial, siendo incluso traducida a varios idiomas.<\/p>\n<\/div>\n<\/div>\n<\/div>\n<\/div>\n","protected":false},"featured_media":1663,"comment_status":"closed","ping_status":"closed","template":"","meta":{"_acf_changed":false},"product_brand":[],"product_cat":[99,100],"product_tag":[],"autor":[167],"class_list":{"0":"post-110","1":"product","2":"type-product","3":"status-publish","4":"has-post-thumbnail","6":"product_cat-ficcion-gotica","7":"product_cat-horror","8":"autor-bram-stoker","10":"first","11":"instock","12":"shipping-taxable","13":"purchasable","14":"product-type-simple"},"acf":[],"_links":{"self":[{"href":"https:\/\/new.comcosur.com\/index.php?rest_route=\/wp\/v2\/product\/110","targetHints":{"allow":["GET"]}}],"collection":[{"href":"https:\/\/new.comcosur.com\/index.php?rest_route=\/wp\/v2\/product"}],"about":[{"href":"https:\/\/new.comcosur.com\/index.php?rest_route=\/wp\/v2\/types\/product"}],"replies":[{"embeddable":true,"href":"https:\/\/new.comcosur.com\/index.php?rest_route=%2Fwp%2Fv2%2Fcomments&post=110"}],"wp:featuredmedia":[{"embeddable":true,"href":"https:\/\/new.comcosur.com\/index.php?rest_route=\/wp\/v2\/media\/1663"}],"wp:attachment":[{"href":"https:\/\/new.comcosur.com\/index.php?rest_route=%2Fwp%2Fv2%2Fmedia&parent=110"}],"wp:term":[{"taxonomy":"product_brand","embeddable":true,"href":"https:\/\/new.comcosur.com\/index.php?rest_route=%2Fwp%2Fv2%2Fproduct_brand&post=110"},{"taxonomy":"product_cat","embeddable":true,"href":"https:\/\/new.comcosur.com\/index.php?rest_route=%2Fwp%2Fv2%2Fproduct_cat&post=110"},{"taxonomy":"product_tag","embeddable":true,"href":"https:\/\/new.comcosur.com\/index.php?rest_route=%2Fwp%2Fv2%2Fproduct_tag&post=110"},{"taxonomy":"autor","embeddable":true,"href":"https:\/\/new.comcosur.com\/index.php?rest_route=%2Fwp%2Fv2%2Fautor&post=110"}],"curies":[{"name":"wp","href":"https:\/\/api.w.org\/{rel}","templated":true}]}}