{"id":1099,"date":"2022-10-25T12:52:54","date_gmt":"2022-10-25T17:52:54","guid":{"rendered":"https:\/\/new.comcosur.com\/?post_type=product&#038;p=1099"},"modified":"2025-01-15T11:44:27","modified_gmt":"2025-01-15T16:44:27","slug":"arsenio-lupin-contra-herlock-sholmes","status":"publish","type":"product","link":"https:\/\/new.comcosur.com\/?product=arsenio-lupin-contra-herlock-sholmes","title":{"rendered":"Arsenio Lupin contra Herlock Sholmes"},"content":{"rendered":"","protected":false},"excerpt":{"rendered":"<p>Arsenio Lupin es todo lo que se esperar\u00eda de un arist\u00f3crata franc\u00e9s: ingenioso, encantador, brillante, astuto y posiblemente el mayor ladr\u00f3n del mundo. Es el tipo de antih\u00e9roe que usa su cerebro y su ingenio para escapar de cualquier situaci\u00f3n en la que se sienta sometido. En esta novela, nuevamente la polic\u00eda no ha logrado capturar a Lupin, por lo que se recurre al famoso detective ingl\u00e9s Herlock Sholmes. En esta nueva aventura, Lupin se enfrenta al \u00fanico hombre que podr\u00eda detenerlo\u2026 \u00a1nada menos que el gran caballero y detective brit\u00e1nico Herlock Sholmes! El detective m\u00e1s grande del mundo contra el ladr\u00f3n m\u00e1s grande del mundo: \u00bfQui\u00e9n saldr\u00e1 triunfante?<\/p>\n","protected":false},"featured_media":1104,"comment_status":"closed","ping_status":"closed","template":"","meta":{"_acf_changed":false},"product_brand":[],"product_cat":[130,96,103,15,126,101,104,97],"product_tag":[],"autor":[138],"class_list":{"0":"post-1099","1":"product","2":"type-product","3":"status-publish","4":"has-post-thumbnail","6":"product_cat-drama-misterio-novela","7":"product_cat-ficcion","8":"product_cat-ficcion-de-aventuras","9":"product_cat-literatura","10":"product_cat-literatura-juvenil","11":"product_cat-misterio","12":"product_cat-novela","13":"product_cat-novela-de-aventuras","14":"autor-maurice-leblanc","16":"first","17":"instock","18":"shipping-taxable","19":"purchasable","20":"product-type-simple"},"acf":[],"_links":{"self":[{"href":"https:\/\/new.comcosur.com\/index.php?rest_route=\/wp\/v2\/product\/1099","targetHints":{"allow":["GET"]}}],"collection":[{"href":"https:\/\/new.comcosur.com\/index.php?rest_route=\/wp\/v2\/product"}],"about":[{"href":"https:\/\/new.comcosur.com\/index.php?rest_route=\/wp\/v2\/types\/product"}],"replies":[{"embeddable":true,"href":"https:\/\/new.comcosur.com\/index.php?rest_route=%2Fwp%2Fv2%2Fcomments&post=1099"}],"wp:featuredmedia":[{"embeddable":true,"href":"https:\/\/new.comcosur.com\/index.php?rest_route=\/wp\/v2\/media\/1104"}],"wp:attachment":[{"href":"https:\/\/new.comcosur.com\/index.php?rest_route=%2Fwp%2Fv2%2Fmedia&parent=1099"}],"wp:term":[{"taxonomy":"product_brand","embeddable":true,"href":"https:\/\/new.comcosur.com\/index.php?rest_route=%2Fwp%2Fv2%2Fproduct_brand&post=1099"},{"taxonomy":"product_cat","embeddable":true,"href":"https:\/\/new.comcosur.com\/index.php?rest_route=%2Fwp%2Fv2%2Fproduct_cat&post=1099"},{"taxonomy":"product_tag","embeddable":true,"href":"https:\/\/new.comcosur.com\/index.php?rest_route=%2Fwp%2Fv2%2Fproduct_tag&post=1099"},{"taxonomy":"autor","embeddable":true,"href":"https:\/\/new.comcosur.com\/index.php?rest_route=%2Fwp%2Fv2%2Fautor&post=1099"}],"curies":[{"name":"wp","href":"https:\/\/api.w.org\/{rel}","templated":true}]}}