{"id":1094,"date":"2022-10-25T12:48:44","date_gmt":"2022-10-25T17:48:44","guid":{"rendered":"https:\/\/new.comcosur.com\/?post_type=product&#038;p=1094"},"modified":"2025-01-15T11:55:17","modified_gmt":"2025-01-15T16:55:17","slug":"coleccion-arsenio-lupin","status":"publish","type":"product","link":"https:\/\/new.comcosur.com\/?product=coleccion-arsenio-lupin","title":{"rendered":"Colecci\u00f3n Arsenio Lupin"},"content":{"rendered":"","protected":false},"excerpt":{"rendered":"<p>Sum\u00e9rgete en un mundo de intrigas, misterios, polic\u00edas, ladrones y muchas aventuras con este carism\u00e1tico ladr\u00f3n de guante blanco, tan popular como Sherlock Holmes, que logra enamorar al lector con sus peripecias. Arsenio Lupin es un personaje \u00fanico, una leyenda. \u00a1Descubre la saga que inspir\u00f3 la exitosa serie de Netflix!<\/p>\n","protected":false},"featured_media":1088,"comment_status":"closed","ping_status":"closed","template":"","meta":{"_acf_changed":false},"product_brand":[],"product_cat":[130,103,15,126,101,104,97],"product_tag":[],"autor":[138],"class_list":{"0":"post-1094","1":"product","2":"type-product","3":"status-publish","4":"has-post-thumbnail","6":"product_cat-drama-misterio-novela","7":"product_cat-ficcion-de-aventuras","8":"product_cat-literatura","9":"product_cat-literatura-juvenil","10":"product_cat-misterio","11":"product_cat-novela","12":"product_cat-novela-de-aventuras","13":"autor-maurice-leblanc","15":"first","16":"instock","17":"sale","18":"shipping-taxable","19":"purchasable","20":"product-type-simple"},"acf":[],"_links":{"self":[{"href":"https:\/\/new.comcosur.com\/index.php?rest_route=\/wp\/v2\/product\/1094","targetHints":{"allow":["GET"]}}],"collection":[{"href":"https:\/\/new.comcosur.com\/index.php?rest_route=\/wp\/v2\/product"}],"about":[{"href":"https:\/\/new.comcosur.com\/index.php?rest_route=\/wp\/v2\/types\/product"}],"replies":[{"embeddable":true,"href":"https:\/\/new.comcosur.com\/index.php?rest_route=%2Fwp%2Fv2%2Fcomments&post=1094"}],"wp:featuredmedia":[{"embeddable":true,"href":"https:\/\/new.comcosur.com\/index.php?rest_route=\/wp\/v2\/media\/1088"}],"wp:attachment":[{"href":"https:\/\/new.comcosur.com\/index.php?rest_route=%2Fwp%2Fv2%2Fmedia&parent=1094"}],"wp:term":[{"taxonomy":"product_brand","embeddable":true,"href":"https:\/\/new.comcosur.com\/index.php?rest_route=%2Fwp%2Fv2%2Fproduct_brand&post=1094"},{"taxonomy":"product_cat","embeddable":true,"href":"https:\/\/new.comcosur.com\/index.php?rest_route=%2Fwp%2Fv2%2Fproduct_cat&post=1094"},{"taxonomy":"product_tag","embeddable":true,"href":"https:\/\/new.comcosur.com\/index.php?rest_route=%2Fwp%2Fv2%2Fproduct_tag&post=1094"},{"taxonomy":"autor","embeddable":true,"href":"https:\/\/new.comcosur.com\/index.php?rest_route=%2Fwp%2Fv2%2Fautor&post=1094"}],"curies":[{"name":"wp","href":"https:\/\/api.w.org\/{rel}","templated":true}]}}