{"id":108,"date":"2022-05-15T21:54:17","date_gmt":"2022-05-16T02:54:17","guid":{"rendered":"https:\/\/new.comcosur.com\/?post_type=product&#038;p=108"},"modified":"2025-01-15T12:13:39","modified_gmt":"2025-01-15T17:13:39","slug":"cumbres-borrascosas","status":"publish","type":"product","link":"https:\/\/new.comcosur.com\/?product=cumbres-borrascosas","title":{"rendered":"Cumbres Borrascosas"},"content":{"rendered":"","protected":false},"excerpt":{"rendered":"<div class=\"container\">\n<div class=\"row mb--60\">\n<div class=\"col-lg-7 mt--30 mt-lg--30\">\n<div class=\"product-details-info pl-lg--30 \">\n<article class=\"product-details-article\"><em>Cumbres borrascosas<\/em> representa en s\u00ed la intensidad del sentimiento en sus personajes. Las energ\u00edas primitivas de amor y odio que impregnan la novela fueron juzgadas como salvajes y burdas por los cr\u00edticos del siglo XIX, pues la consideraron cruda, por su car\u00e1cter realista con el que se exhib\u00edan sentimientos como la venganza, el odio, el amor y la violencia f\u00edsica. <em>Cumbres borrascosas<\/em> es la obra maestra trascendental de Emily Bront\u00eb, una historia de amor apasionado en la que los principios irreconciliables de la fuerza y la calma terminan por armonizarse. En esta obra se encuentra contenida la expresi\u00f3n m\u00e1s genuina y profunda del alma rom\u00e1ntica inglesa. Emily Bront\u00eb fue una m\u00edstica, como lo demuestra su poes\u00eda, dramatizando su percepci\u00f3n intuitiva de la naturaleza de la vida.<\/article>\n<\/div>\n<\/div>\n<\/div>\n<\/div>\n<section class=\"\">\n<div class=\"container\"><\/div>\n<\/section>\n","protected":false},"featured_media":1948,"comment_status":"closed","ping_status":"closed","template":"","meta":{"_acf_changed":false},"product_brand":[],"product_cat":[98],"product_tag":[],"autor":[26],"class_list":{"0":"post-108","1":"product","2":"type-product","3":"status-publish","4":"has-post-thumbnail","6":"product_cat-novela-rosa","7":"autor-emily-bronte","9":"first","10":"instock","11":"shipping-taxable","12":"purchasable","13":"product-type-simple"},"acf":[],"_links":{"self":[{"href":"https:\/\/new.comcosur.com\/index.php?rest_route=\/wp\/v2\/product\/108","targetHints":{"allow":["GET"]}}],"collection":[{"href":"https:\/\/new.comcosur.com\/index.php?rest_route=\/wp\/v2\/product"}],"about":[{"href":"https:\/\/new.comcosur.com\/index.php?rest_route=\/wp\/v2\/types\/product"}],"replies":[{"embeddable":true,"href":"https:\/\/new.comcosur.com\/index.php?rest_route=%2Fwp%2Fv2%2Fcomments&post=108"}],"wp:featuredmedia":[{"embeddable":true,"href":"https:\/\/new.comcosur.com\/index.php?rest_route=\/wp\/v2\/media\/1948"}],"wp:attachment":[{"href":"https:\/\/new.comcosur.com\/index.php?rest_route=%2Fwp%2Fv2%2Fmedia&parent=108"}],"wp:term":[{"taxonomy":"product_brand","embeddable":true,"href":"https:\/\/new.comcosur.com\/index.php?rest_route=%2Fwp%2Fv2%2Fproduct_brand&post=108"},{"taxonomy":"product_cat","embeddable":true,"href":"https:\/\/new.comcosur.com\/index.php?rest_route=%2Fwp%2Fv2%2Fproduct_cat&post=108"},{"taxonomy":"product_tag","embeddable":true,"href":"https:\/\/new.comcosur.com\/index.php?rest_route=%2Fwp%2Fv2%2Fproduct_tag&post=108"},{"taxonomy":"autor","embeddable":true,"href":"https:\/\/new.comcosur.com\/index.php?rest_route=%2Fwp%2Fv2%2Fautor&post=108"}],"curies":[{"name":"wp","href":"https:\/\/api.w.org\/{rel}","templated":true}]}}