{"id":107,"date":"2022-05-15T21:54:17","date_gmt":"2022-05-16T02:54:17","guid":{"rendered":"https:\/\/new.comcosur.com\/?post_type=product&#038;p=107"},"modified":"2025-01-16T12:16:41","modified_gmt":"2025-01-16T17:16:41","slug":"cuentos","status":"publish","type":"product","link":"https:\/\/new.comcosur.com\/?product=cuentos","title":{"rendered":"Cuentos"},"content":{"rendered":"","protected":false},"excerpt":{"rendered":"<div class=\"container\">\n<div class=\"row mb--60\">\n<div class=\"col-lg-7 mt--30 mt-lg--30\">\n<div class=\"product-details-info pl-lg--30 \">\n<article class=\"product-details-article\">\u2b50\u2b50\u2b50\u2b50\u2b50<br \/>\n<em>Los cuentos de Oscar Wilde<\/em> son relatos breves que abarcan una asombrosa variedad de temas, con personajes humanos y animales que poseen una cualidad misteriosa. Estos cuentos, cargados de emoci\u00f3n y profundidad, sorprenden al lector no solo por sus impredecibles finales, sino tambi\u00e9n por las ense\u00f1anzas que transmiten. Cada uno de ellos es una peque\u00f1a obra de arte que refleja el incre\u00edble talento est\u00e9tico y estil\u00edstico de Wilde, as\u00ed como su aguda sensibilidad. Temas como el ego\u00edsmo, la crueldad, la muerte y la arrogancia se entrelazan con el amor, la ternura y la compasi\u00f3n, siempre dejando grandes lecciones de vida que resuenan en lectores de todas las edades.<\/article>\n<\/div>\n<\/div>\n<\/div>\n<\/div>\n","protected":false},"featured_media":1501,"comment_status":"closed","ping_status":"closed","template":"","meta":{"_acf_changed":false},"product_brand":[],"product_cat":[97],"product_tag":[],"autor":[25],"class_list":{"0":"post-107","1":"product","2":"type-product","3":"status-publish","4":"has-post-thumbnail","6":"product_cat-novela-de-aventuras","7":"autor-oscar-wilde","9":"first","10":"instock","11":"shipping-taxable","12":"purchasable","13":"product-type-simple"},"acf":[],"_links":{"self":[{"href":"https:\/\/new.comcosur.com\/index.php?rest_route=\/wp\/v2\/product\/107","targetHints":{"allow":["GET"]}}],"collection":[{"href":"https:\/\/new.comcosur.com\/index.php?rest_route=\/wp\/v2\/product"}],"about":[{"href":"https:\/\/new.comcosur.com\/index.php?rest_route=\/wp\/v2\/types\/product"}],"replies":[{"embeddable":true,"href":"https:\/\/new.comcosur.com\/index.php?rest_route=%2Fwp%2Fv2%2Fcomments&post=107"}],"wp:featuredmedia":[{"embeddable":true,"href":"https:\/\/new.comcosur.com\/index.php?rest_route=\/wp\/v2\/media\/1501"}],"wp:attachment":[{"href":"https:\/\/new.comcosur.com\/index.php?rest_route=%2Fwp%2Fv2%2Fmedia&parent=107"}],"wp:term":[{"taxonomy":"product_brand","embeddable":true,"href":"https:\/\/new.comcosur.com\/index.php?rest_route=%2Fwp%2Fv2%2Fproduct_brand&post=107"},{"taxonomy":"product_cat","embeddable":true,"href":"https:\/\/new.comcosur.com\/index.php?rest_route=%2Fwp%2Fv2%2Fproduct_cat&post=107"},{"taxonomy":"product_tag","embeddable":true,"href":"https:\/\/new.comcosur.com\/index.php?rest_route=%2Fwp%2Fv2%2Fproduct_tag&post=107"},{"taxonomy":"autor","embeddable":true,"href":"https:\/\/new.comcosur.com\/index.php?rest_route=%2Fwp%2Fv2%2Fautor&post=107"}],"curies":[{"name":"wp","href":"https:\/\/api.w.org\/{rel}","templated":true}]}}