{"id":106,"date":"2022-05-15T21:54:17","date_gmt":"2022-05-16T02:54:17","guid":{"rendered":"https:\/\/new.comcosur.com\/?post_type=product&#038;p=106"},"modified":"2025-01-15T12:06:16","modified_gmt":"2025-01-15T17:06:16","slug":"cuentos-de-amor-locura-y-de-muerte","status":"publish","type":"product","link":"https:\/\/new.comcosur.com\/?product=cuentos-de-amor-locura-y-de-muerte","title":{"rendered":"Cuentos de Amor, Locura y de Muerte"},"content":{"rendered":"","protected":false},"excerpt":{"rendered":"<div class=\"flex max-w-full flex-col flex-grow\">\n<div class=\"min-h-8 text-message flex w-full flex-col items-end gap-2 whitespace-normal break-words text-start [.text-message+&amp;]:mt-5\" dir=\"auto\" data-message-author-role=\"assistant\" data-message-id=\"bbacfe8d-dde8-47fe-b5db-b58237422682\" data-message-model-slug=\"gpt-4o-mini\">\n<div class=\"flex w-full flex-col gap-1 empty:hidden first:pt-[3px]\">\n<div class=\"markdown prose w-full break-words dark:prose-invert light\">\n<p><em>Cuentos de amor, de locura y de muerte<\/em> componen una de las primeras recopilaciones de relatos que Quiroga public\u00f3. En estos relatos est\u00e1 toda su maestr\u00eda como narrador y lo fundamental de su visi\u00f3n del ambiente que vivi\u00f3, cuentos escritos en la zona fronteriza de Misiones. En su obra podemos hallar un sinn\u00famero de pasajes autobiogr\u00e1ficos que nos permiten vislumbrar su car\u00e1cter. Literariamente, Quiroga fue influenciado por Edgar Allan Poe, de quien adopta el estilo de misterio y terror. El tema de la muerte resalta en la mayor\u00eda de sus relatos. En <em>Cuentos de amor, de locura y de muerte<\/em>, esta es el eje de las historias que se ambientan en la selva y en la parte urbana. Con una visi\u00f3n profunda e in\u00e9dita de la realidad, recrea situaciones y sucesos propios de gran perfecci\u00f3n en cuanto a la t\u00e9cnica narrativa y la prosa. <em>Cuentos de amor, de locura y de muerte<\/em> es el resultado de esa vida atormentada, marcada por continuos sucesos negativos, pero que, a su vez, le permite narrar con verdadera maestr\u00eda.<\/p>\n<\/div>\n<\/div>\n<\/div>\n<\/div>\n","protected":false},"featured_media":388,"comment_status":"closed","ping_status":"closed","template":"","meta":{"_acf_changed":false},"product_brand":[],"product_cat":[96],"product_tag":[],"autor":[24],"class_list":{"0":"post-106","1":"product","2":"type-product","3":"status-publish","4":"has-post-thumbnail","6":"product_cat-ficcion","7":"autor-horacio-quiroga","9":"first","10":"instock","11":"shipping-taxable","12":"purchasable","13":"product-type-simple"},"acf":[],"_links":{"self":[{"href":"https:\/\/new.comcosur.com\/index.php?rest_route=\/wp\/v2\/product\/106","targetHints":{"allow":["GET"]}}],"collection":[{"href":"https:\/\/new.comcosur.com\/index.php?rest_route=\/wp\/v2\/product"}],"about":[{"href":"https:\/\/new.comcosur.com\/index.php?rest_route=\/wp\/v2\/types\/product"}],"replies":[{"embeddable":true,"href":"https:\/\/new.comcosur.com\/index.php?rest_route=%2Fwp%2Fv2%2Fcomments&post=106"}],"wp:featuredmedia":[{"embeddable":true,"href":"https:\/\/new.comcosur.com\/index.php?rest_route=\/wp\/v2\/media\/388"}],"wp:attachment":[{"href":"https:\/\/new.comcosur.com\/index.php?rest_route=%2Fwp%2Fv2%2Fmedia&parent=106"}],"wp:term":[{"taxonomy":"product_brand","embeddable":true,"href":"https:\/\/new.comcosur.com\/index.php?rest_route=%2Fwp%2Fv2%2Fproduct_brand&post=106"},{"taxonomy":"product_cat","embeddable":true,"href":"https:\/\/new.comcosur.com\/index.php?rest_route=%2Fwp%2Fv2%2Fproduct_cat&post=106"},{"taxonomy":"product_tag","embeddable":true,"href":"https:\/\/new.comcosur.com\/index.php?rest_route=%2Fwp%2Fv2%2Fproduct_tag&post=106"},{"taxonomy":"autor","embeddable":true,"href":"https:\/\/new.comcosur.com\/index.php?rest_route=%2Fwp%2Fv2%2Fautor&post=106"}],"curies":[{"name":"wp","href":"https:\/\/api.w.org\/{rel}","templated":true}]}}