{"id":1048,"date":"2022-10-22T10:47:51","date_gmt":"2022-10-22T15:47:51","guid":{"rendered":"https:\/\/new.comcosur.com\/?post_type=product&#038;p=1048"},"modified":"2025-01-15T11:57:27","modified_gmt":"2025-01-15T16:57:27","slug":"coleccion-de-misterio-y-terror","status":"publish","type":"product","link":"https:\/\/new.comcosur.com\/?product=coleccion-de-misterio-y-terror","title":{"rendered":"Colecci\u00f3n de Misterio y Terror"},"content":{"rendered":"<div class=\"flex max-w-full flex-col flex-grow\">\n<div class=\"min-h-8 text-message flex w-full flex-col items-end gap-2 whitespace-normal break-words text-start [.text-message+&amp;]:mt-5\" dir=\"auto\" data-message-author-role=\"assistant\" data-message-id=\"c75789c3-c751-46a1-b5f1-187b6a6c817e\" data-message-model-slug=\"gpt-4o-mini\">\n<div class=\"flex w-full flex-col gap-1 empty:hidden first:pt-[3px]\">\n<div class=\"markdown prose w-full break-words dark:prose-invert light\">\n<p>\u2b50\u2b50\u2b50\u2b50\u2b50<br \/>\nSi eres amante de las historias para no dormir, no puedes dejar pasar nuestra colecci\u00f3n de Terror y Misterio. Conoce a los m\u00e1s destacados maestros del terror de todos los tiempos. Aqu\u00ed encontrar\u00e1s las historias m\u00e1s escalofriantes de la literatura.<\/p>\n<\/div>\n<\/div>\n<\/div>\n<\/div>\n","protected":false},"excerpt":{"rendered":"<div class=\"flex max-w-full flex-col flex-grow\">\n<div class=\"min-h-8 text-message flex w-full flex-col items-end gap-2 whitespace-normal break-words text-start [.text-message+&amp;]:mt-5\" dir=\"auto\" data-message-author-role=\"assistant\" data-message-id=\"146e5ed8-3d25-4623-9e0c-c04d7844d82a\" data-message-model-slug=\"gpt-4o-mini\">\n<div class=\"flex w-full flex-col gap-1 empty:hidden first:pt-[3px]\">\n<div class=\"markdown prose w-full break-words dark:prose-invert light\">\n<p>Excelente colecci\u00f3n de 16 t\u00edtulos que abarcan el misterio y el terror para aquellos amantes de estos espectaculares g\u00e9neros literarios. Autores como Edgar Allan Poe, H.P. Lovecraft, Oscar Wilde, Bram Stoker, Mary Shelley, entre otros, nos sumergen en mundos inimaginables, llenos de sensaciones l\u00fagubres y tenebrosas que logran envolver a los lectores y hacerlos parte de sus historias.<\/p>\n<\/div>\n<\/div>\n<\/div>\n<\/div>\n","protected":false},"featured_media":1053,"comment_status":"closed","ping_status":"closed","template":"","meta":{"_acf_changed":false},"product_brand":[],"product_cat":[101,99,100,146],"product_tag":[],"autor":[66,145,167,76,24,29,50,25,37],"class_list":{"0":"post-1048","1":"product","2":"type-product","3":"status-publish","4":"has-post-thumbnail","6":"product_cat-misterio","7":"product_cat-ficcion-gotica","8":"product_cat-horror","9":"product_cat-terror","10":"autor-edgar-allan-poe","11":"autor-arthur-conan-doyle","12":"autor-bram-stoker","13":"autor-gaston-leroux","14":"autor-horacio-quiroga","15":"autor-howard-phillips-lovecraft","16":"autor-mary-shelley","17":"autor-oscar-wilde","18":"autor-robert-louis-stevenson","20":"first","21":"instock","22":"sale","23":"virtual","24":"purchasable","25":"product-type-simple"},"acf":[],"_links":{"self":[{"href":"https:\/\/new.comcosur.com\/index.php?rest_route=\/wp\/v2\/product\/1048","targetHints":{"allow":["GET"]}}],"collection":[{"href":"https:\/\/new.comcosur.com\/index.php?rest_route=\/wp\/v2\/product"}],"about":[{"href":"https:\/\/new.comcosur.com\/index.php?rest_route=\/wp\/v2\/types\/product"}],"replies":[{"embeddable":true,"href":"https:\/\/new.comcosur.com\/index.php?rest_route=%2Fwp%2Fv2%2Fcomments&post=1048"}],"wp:featuredmedia":[{"embeddable":true,"href":"https:\/\/new.comcosur.com\/index.php?rest_route=\/wp\/v2\/media\/1053"}],"wp:attachment":[{"href":"https:\/\/new.comcosur.com\/index.php?rest_route=%2Fwp%2Fv2%2Fmedia&parent=1048"}],"wp:term":[{"taxonomy":"product_brand","embeddable":true,"href":"https:\/\/new.comcosur.com\/index.php?rest_route=%2Fwp%2Fv2%2Fproduct_brand&post=1048"},{"taxonomy":"product_cat","embeddable":true,"href":"https:\/\/new.comcosur.com\/index.php?rest_route=%2Fwp%2Fv2%2Fproduct_cat&post=1048"},{"taxonomy":"product_tag","embeddable":true,"href":"https:\/\/new.comcosur.com\/index.php?rest_route=%2Fwp%2Fv2%2Fproduct_tag&post=1048"},{"taxonomy":"autor","embeddable":true,"href":"https:\/\/new.comcosur.com\/index.php?rest_route=%2Fwp%2Fv2%2Fautor&post=1048"}],"curies":[{"name":"wp","href":"https:\/\/api.w.org\/{rel}","templated":true}]}}